{"id":33,"date":"2013-09-28T17:35:54","date_gmt":"2013-09-28T16:35:54","guid":{"rendered":"http:\/\/proacid.wpengine.com\/?page_id=33"},"modified":"2022-06-25T00:11:18","modified_gmt":"2022-06-24T23:11:18","slug":"assim-falou-beremiz","status":"publish","type":"page","link":"https:\/\/www.producoesacidentais.com\/en\/espectaculos\/projecto-beremiz\/assim-falou-beremiz\/","title":{"rendered":"Assim falou Beremiz"},"content":{"rendered":"<p>&nbsp;<\/p>\n<p style=\"padding-left: 30px;\"><a href=\"http:\/\/proacid.wpengine.com\/wp-content\/uploads\/2013\/09\/Untitled1.png\"><img loading=\"lazy\" decoding=\"async\" class=\"aligncenter wp-image-75 size-full\" src=\"http:\/\/proacid.wpengine.com\/wp-content\/uploads\/2013\/09\/Untitled1.png\" alt=\"Untitled\" width=\"572\" height=\"815\" srcset=\"https:\/\/www.producoesacidentais.com\/wp-content\/uploads\/2013\/09\/Untitled1.png 572w, https:\/\/www.producoesacidentais.com\/wp-content\/uploads\/2013\/09\/Untitled1-210x300.png 210w\" sizes=\"(max-width: 572px) 100vw, 572px\" \/><\/a><br \/>\n<!--more--><\/p>\n<p>Primeira fase do <i>Projecto Beremiz<\/i>, que pretende\u00a0dar a conhecer a Matem\u00e1tica\u00a0no que ela tem de po\u00e9tico e de surpreendente, <b><i>Assim Falou Beremiz\u00a0<\/i><\/b>desenvolve-se em 2 tempos:<\/p>\n<p>Na sala de aula, uma personagem &#8211; o Adivinho ou a Odalisca &#8211; conta uma hist\u00f3ria que d\u00e1 a conhecer um determinado caso da Matem\u00e1tica; os alunos s\u00e3o convidados a colaborar na representa\u00e7\u00e3o, ora intervindo enquanto personagens, ora ajudando na demonstra\u00e7\u00e3o do caso apresentado.<\/p>\n<p>Posteriormente, todas as turmas participantes se re\u00fanem e assistem ao espect\u00e1culo que cont\u00e9m todas as hist\u00f3rias e casos matem\u00e1ticos apresentados nas salas de aula.<\/p>\n<p style=\"text-align: center;\">\n<div class=\"ngg-galleryoverview ngg-slideshow\"\n\tid=\"ngg-slideshow-084f78e84c160d06cccd5be831080836-16900480590\"\n\tdata-gallery-id=\"084f78e84c160d06cccd5be831080836\"\n\tstyle=\"max-width: px;\n\t\t\tmax-height: px;\n\t\t\tdisplay: none;\">\n\n\t\n\t\t<a href=\"https:\/\/www.producoesacidentais.com\/wp-content\/gallery\/assim-falou-beremiz\/beremiz-011.jpg\"\n\t\t\ttitle=\"\"\n\t\t\tdata-src=\"https:\/\/www.producoesacidentais.com\/wp-content\/gallery\/assim-falou-beremiz\/beremiz-011.jpg\"\n\t\t\tdata-thumbnail=\"https:\/\/www.producoesacidentais.com\/wp-content\/gallery\/assim-falou-beremiz\/thumbs\/thumbs_beremiz-011.jpg\"\n\t\t\tdata-image-id=\"1\"\n\t\t\tdata-title=\"beremiz-011\"\n\t\t\tdata-description=\"\"\n\t\t\tclass='thickbox' rel='084f78e84c160d06cccd5be831080836'>\n\n\t\t\t<img data-image-id='1'\n\t\t\t\ttitle=\"\"\n\t\t\t\talt=\"beremiz-011\"\n\t\t\t\tsrc=\"https:\/\/www.producoesacidentais.com\/wp-content\/gallery\/assim-falou-beremiz\/beremiz-011.jpg\"\n\t\t\t\tstyle=\"max-height: -20px;\"\/>\n\t\t<\/a>\n\n\t\t\n\t\t<a href=\"https:\/\/www.producoesacidentais.com\/wp-content\/gallery\/assim-falou-beremiz\/beremiz-015.jpg\"\n\t\t\ttitle=\"\"\n\t\t\tdata-src=\"https:\/\/www.producoesacidentais.com\/wp-content\/gallery\/assim-falou-beremiz\/beremiz-015.jpg\"\n\t\t\tdata-thumbnail=\"https:\/\/www.producoesacidentais.com\/wp-content\/gallery\/assim-falou-beremiz\/thumbs\/thumbs_beremiz-015.jpg\"\n\t\t\tdata-image-id=\"2\"\n\t\t\tdata-title=\"beremiz-015\"\n\t\t\tdata-description=\"\"\n\t\t\tclass='thickbox' rel='084f78e84c160d06cccd5be831080836'>\n\n\t\t\t<img data-image-id='2'\n\t\t\t\ttitle=\"\"\n\t\t\t\talt=\"beremiz-015\"\n\t\t\t\tsrc=\"https:\/\/www.producoesacidentais.com\/wp-content\/gallery\/assim-falou-beremiz\/beremiz-015.jpg\"\n\t\t\t\tstyle=\"max-height: -20px;\"\/>\n\t\t<\/a>\n\n\t\t\n\t\t<a href=\"https:\/\/www.producoesacidentais.com\/wp-content\/gallery\/assim-falou-beremiz\/beremiz-017.jpg\"\n\t\t\ttitle=\"\"\n\t\t\tdata-src=\"https:\/\/www.producoesacidentais.com\/wp-content\/gallery\/assim-falou-beremiz\/beremiz-017.jpg\"\n\t\t\tdata-thumbnail=\"https:\/\/www.producoesacidentais.com\/wp-content\/gallery\/assim-falou-beremiz\/thumbs\/thumbs_beremiz-017.jpg\"\n\t\t\tdata-image-id=\"3\"\n\t\t\tdata-title=\"beremiz-017\"\n\t\t\tdata-description=\"\"\n\t\t\tclass='thickbox' rel='084f78e84c160d06cccd5be831080836'>\n\n\t\t\t<img data-image-id='3'\n\t\t\t\ttitle=\"\"\n\t\t\t\talt=\"beremiz-017\"\n\t\t\t\tsrc=\"https:\/\/www.producoesacidentais.com\/wp-content\/gallery\/assim-falou-beremiz\/beremiz-017.jpg\"\n\t\t\t\tstyle=\"max-height: -20px;\"\/>\n\t\t<\/a>\n\n\t\t\n\t\t<a href=\"https:\/\/www.producoesacidentais.com\/wp-content\/gallery\/assim-falou-beremiz\/beremiz-018.jpg\"\n\t\t\ttitle=\"\"\n\t\t\tdata-src=\"https:\/\/www.producoesacidentais.com\/wp-content\/gallery\/assim-falou-beremiz\/beremiz-018.jpg\"\n\t\t\tdata-thumbnail=\"https:\/\/www.producoesacidentais.com\/wp-content\/gallery\/assim-falou-beremiz\/thumbs\/thumbs_beremiz-018.jpg\"\n\t\t\tdata-image-id=\"4\"\n\t\t\tdata-title=\"beremiz-018\"\n\t\t\tdata-description=\"\"\n\t\t\tclass='thickbox' rel='084f78e84c160d06cccd5be831080836'>\n\n\t\t\t<img data-image-id='4'\n\t\t\t\ttitle=\"\"\n\t\t\t\talt=\"beremiz-018\"\n\t\t\t\tsrc=\"https:\/\/www.producoesacidentais.com\/wp-content\/gallery\/assim-falou-beremiz\/beremiz-018.jpg\"\n\t\t\t\tstyle=\"max-height: -20px;\"\/>\n\t\t<\/a>\n\n\t\t\n\t\t<a href=\"https:\/\/www.producoesacidentais.com\/wp-content\/gallery\/assim-falou-beremiz\/beremiz-019.jpg\"\n\t\t\ttitle=\"\"\n\t\t\tdata-src=\"https:\/\/www.producoesacidentais.com\/wp-content\/gallery\/assim-falou-beremiz\/beremiz-019.jpg\"\n\t\t\tdata-thumbnail=\"https:\/\/www.producoesacidentais.com\/wp-content\/gallery\/assim-falou-beremiz\/thumbs\/thumbs_beremiz-019.jpg\"\n\t\t\tdata-image-id=\"5\"\n\t\t\tdata-title=\"beremiz-019\"\n\t\t\tdata-description=\"\"\n\t\t\tclass='thickbox' rel='084f78e84c160d06cccd5be831080836'>\n\n\t\t\t<img data-image-id='5'\n\t\t\t\ttitle=\"\"\n\t\t\t\talt=\"beremiz-019\"\n\t\t\t\tsrc=\"https:\/\/www.producoesacidentais.com\/wp-content\/gallery\/assim-falou-beremiz\/beremiz-019.jpg\"\n\t\t\t\tstyle=\"max-height: -20px;\"\/>\n\t\t<\/a>\n\n\t\t\n\t\t<a href=\"https:\/\/www.producoesacidentais.com\/wp-content\/gallery\/assim-falou-beremiz\/beremiz-021.jpg\"\n\t\t\ttitle=\"\"\n\t\t\tdata-src=\"https:\/\/www.producoesacidentais.com\/wp-content\/gallery\/assim-falou-beremiz\/beremiz-021.jpg\"\n\t\t\tdata-thumbnail=\"https:\/\/www.producoesacidentais.com\/wp-content\/gallery\/assim-falou-beremiz\/thumbs\/thumbs_beremiz-021.jpg\"\n\t\t\tdata-image-id=\"6\"\n\t\t\tdata-title=\"beremiz-021\"\n\t\t\tdata-description=\"\"\n\t\t\tclass='thickbox' rel='084f78e84c160d06cccd5be831080836'>\n\n\t\t\t<img data-image-id='6'\n\t\t\t\ttitle=\"\"\n\t\t\t\talt=\"beremiz-021\"\n\t\t\t\tsrc=\"https:\/\/www.producoesacidentais.com\/wp-content\/gallery\/assim-falou-beremiz\/beremiz-021.jpg\"\n\t\t\t\tstyle=\"max-height: -20px;\"\/>\n\t\t<\/a>\n\n\t\t\n\t\t<a href=\"https:\/\/www.producoesacidentais.com\/wp-content\/gallery\/assim-falou-beremiz\/beremiz-027.jpg\"\n\t\t\ttitle=\"\"\n\t\t\tdata-src=\"https:\/\/www.producoesacidentais.com\/wp-content\/gallery\/assim-falou-beremiz\/beremiz-027.jpg\"\n\t\t\tdata-thumbnail=\"https:\/\/www.producoesacidentais.com\/wp-content\/gallery\/assim-falou-beremiz\/thumbs\/thumbs_beremiz-027.jpg\"\n\t\t\tdata-image-id=\"7\"\n\t\t\tdata-title=\"beremiz-027\"\n\t\t\tdata-description=\"\"\n\t\t\tclass='thickbox' rel='084f78e84c160d06cccd5be831080836'>\n\n\t\t\t<img data-image-id='7'\n\t\t\t\ttitle=\"\"\n\t\t\t\talt=\"beremiz-027\"\n\t\t\t\tsrc=\"https:\/\/www.producoesacidentais.com\/wp-content\/gallery\/assim-falou-beremiz\/beremiz-027.jpg\"\n\t\t\t\tstyle=\"max-height: -20px;\"\/>\n\t\t<\/a>\n\n\t\t\n\t\t<a href=\"https:\/\/www.producoesacidentais.com\/wp-content\/gallery\/assim-falou-beremiz\/beremiz-039.jpg\"\n\t\t\ttitle=\"\"\n\t\t\tdata-src=\"https:\/\/www.producoesacidentais.com\/wp-content\/gallery\/assim-falou-beremiz\/beremiz-039.jpg\"\n\t\t\tdata-thumbnail=\"https:\/\/www.producoesacidentais.com\/wp-content\/gallery\/assim-falou-beremiz\/thumbs\/thumbs_beremiz-039.jpg\"\n\t\t\tdata-image-id=\"9\"\n\t\t\tdata-title=\"beremiz-039\"\n\t\t\tdata-description=\"\"\n\t\t\tclass='thickbox' rel='084f78e84c160d06cccd5be831080836'>\n\n\t\t\t<img data-image-id='9'\n\t\t\t\ttitle=\"\"\n\t\t\t\talt=\"beremiz-039\"\n\t\t\t\tsrc=\"https:\/\/www.producoesacidentais.com\/wp-content\/gallery\/assim-falou-beremiz\/beremiz-039.jpg\"\n\t\t\t\tstyle=\"max-height: -20px;\"\/>\n\t\t<\/a>\n\n\t\t\n\t\t<a href=\"https:\/\/www.producoesacidentais.com\/wp-content\/gallery\/assim-falou-beremiz\/beremiz-047.jpg\"\n\t\t\ttitle=\"\"\n\t\t\tdata-src=\"https:\/\/www.producoesacidentais.com\/wp-content\/gallery\/assim-falou-beremiz\/beremiz-047.jpg\"\n\t\t\tdata-thumbnail=\"https:\/\/www.producoesacidentais.com\/wp-content\/gallery\/assim-falou-beremiz\/thumbs\/thumbs_beremiz-047.jpg\"\n\t\t\tdata-image-id=\"10\"\n\t\t\tdata-title=\"beremiz-047\"\n\t\t\tdata-description=\"\"\n\t\t\tclass='thickbox' rel='084f78e84c160d06cccd5be831080836'>\n\n\t\t\t<img data-image-id='10'\n\t\t\t\ttitle=\"\"\n\t\t\t\talt=\"beremiz-047\"\n\t\t\t\tsrc=\"https:\/\/www.producoesacidentais.com\/wp-content\/gallery\/assim-falou-beremiz\/beremiz-047.jpg\"\n\t\t\t\tstyle=\"max-height: -20px;\"\/>\n\t\t<\/a>\n\n\t\t\n\t\t<a href=\"https:\/\/www.producoesacidentais.com\/wp-content\/gallery\/assim-falou-beremiz\/beremiz-053.jpg\"\n\t\t\ttitle=\"\"\n\t\t\tdata-src=\"https:\/\/www.producoesacidentais.com\/wp-content\/gallery\/assim-falou-beremiz\/beremiz-053.jpg\"\n\t\t\tdata-thumbnail=\"https:\/\/www.producoesacidentais.com\/wp-content\/gallery\/assim-falou-beremiz\/thumbs\/thumbs_beremiz-053.jpg\"\n\t\t\tdata-image-id=\"11\"\n\t\t\tdata-title=\"beremiz-053\"\n\t\t\tdata-description=\"\"\n\t\t\tclass='thickbox' rel='084f78e84c160d06cccd5be831080836'>\n\n\t\t\t<img data-image-id='11'\n\t\t\t\ttitle=\"\"\n\t\t\t\talt=\"beremiz-053\"\n\t\t\t\tsrc=\"https:\/\/www.producoesacidentais.com\/wp-content\/gallery\/assim-falou-beremiz\/beremiz-053.jpg\"\n\t\t\t\tstyle=\"max-height: -20px;\"\/>\n\t\t<\/a>\n\n\t\t\n\t\t<a href=\"https:\/\/www.producoesacidentais.com\/wp-content\/gallery\/assim-falou-beremiz\/beremiz-064.jpg\"\n\t\t\ttitle=\"\"\n\t\t\tdata-src=\"https:\/\/www.producoesacidentais.com\/wp-content\/gallery\/assim-falou-beremiz\/beremiz-064.jpg\"\n\t\t\tdata-thumbnail=\"https:\/\/www.producoesacidentais.com\/wp-content\/gallery\/assim-falou-beremiz\/thumbs\/thumbs_beremiz-064.jpg\"\n\t\t\tdata-image-id=\"12\"\n\t\t\tdata-title=\"beremiz-064\"\n\t\t\tdata-description=\"\"\n\t\t\tclass='thickbox' rel='084f78e84c160d06cccd5be831080836'>\n\n\t\t\t<img data-image-id='12'\n\t\t\t\ttitle=\"\"\n\t\t\t\talt=\"beremiz-064\"\n\t\t\t\tsrc=\"https:\/\/www.producoesacidentais.com\/wp-content\/gallery\/assim-falou-beremiz\/beremiz-064.jpg\"\n\t\t\t\tstyle=\"max-height: -20px;\"\/>\n\t\t<\/a>\n\n\t\t\n\t\t<a href=\"https:\/\/www.producoesacidentais.com\/wp-content\/gallery\/assim-falou-beremiz\/beremiz-077.jpg\"\n\t\t\ttitle=\"\"\n\t\t\tdata-src=\"https:\/\/www.producoesacidentais.com\/wp-content\/gallery\/assim-falou-beremiz\/beremiz-077.jpg\"\n\t\t\tdata-thumbnail=\"https:\/\/www.producoesacidentais.com\/wp-content\/gallery\/assim-falou-beremiz\/thumbs\/thumbs_beremiz-077.jpg\"\n\t\t\tdata-image-id=\"13\"\n\t\t\tdata-title=\"beremiz-077\"\n\t\t\tdata-description=\"\"\n\t\t\tclass='thickbox' rel='084f78e84c160d06cccd5be831080836'>\n\n\t\t\t<img data-image-id='13'\n\t\t\t\ttitle=\"\"\n\t\t\t\talt=\"beremiz-077\"\n\t\t\t\tsrc=\"https:\/\/www.producoesacidentais.com\/wp-content\/gallery\/assim-falou-beremiz\/beremiz-077.jpg\"\n\t\t\t\tstyle=\"max-height: -20px;\"\/>\n\t\t<\/a>\n\n\t\t<\/div>\n\n\t\t<!-- Thumbnails Link -->\n\t<div class=\"slideshowlink\" style=\"max-width: px;\">\n\t\t<a href='https:\/\/www.producoesacidentais.com\/en\/espectaculos\/projecto-beremiz\/assim-falou-beremiz\/nggallery\/thumbnails'>[Show picture list]<\/a>\n\t<\/div>\n\n<\/p>\n<p>&nbsp;<\/p>\n","protected":false},"excerpt":{"rendered":"<p>&nbsp;<\/p>\n","protected":false},"author":2,"featured_media":0,"parent":32,"menu_order":0,"comment_status":"closed","ping_status":"closed","template":"","meta":{"ngg_post_thumbnail":0,"footnotes":""},"yoast_head":"<!-- This site is optimized with the Yoast SEO plugin v22.3 - https:\/\/yoast.com\/wordpress\/plugins\/seo\/ -->\n<title>Assim falou Beremiz - Produ\u00e7\u00f5es Acidentais<\/title>\n<meta name=\"robots\" content=\"index, follow, max-snippet:-1, max-image-preview:large, max-video-preview:-1\" \/>\n<link rel=\"canonical\" href=\"https:\/\/www.producoesacidentais.com\/espectaculos\/projecto-beremiz\/assim-falou-beremiz\/\" \/>\n<meta property=\"og:locale\" content=\"en_US\" \/>\n<meta property=\"og:type\" content=\"article\" \/>\n<meta property=\"og:title\" content=\"Assim falou Beremiz - Produ\u00e7\u00f5es Acidentais\" \/>\n<meta property=\"og:description\" content=\"&nbsp;\" \/>\n<meta property=\"og:url\" content=\"https:\/\/www.producoesacidentais.com\/espectaculos\/projecto-beremiz\/assim-falou-beremiz\/\" \/>\n<meta property=\"og:site_name\" content=\"Produ\u00e7\u00f5es Acidentais\" \/>\n<meta property=\"article:publisher\" content=\"https:\/\/www.facebook.com\/ProAcid\/\" \/>\n<meta property=\"article:modified_time\" content=\"2022-06-24T23:11:18+00:00\" \/>\n<meta property=\"og:image\" content=\"http:\/\/proacid.wpengine.com\/wp-content\/uploads\/2013\/09\/Untitled1.png\" \/>\n<meta name=\"twitter:card\" content=\"summary_large_image\" \/>\n<meta name=\"twitter:label1\" content=\"Est. reading time\" \/>\n\t<meta name=\"twitter:data1\" content=\"1 minute\" \/>\n<script type=\"application\/ld+json\" class=\"yoast-schema-graph\">{\"@context\":\"https:\/\/schema.org\",\"@graph\":[{\"@type\":\"WebPage\",\"@id\":\"https:\/\/www.producoesacidentais.com\/espectaculos\/projecto-beremiz\/assim-falou-beremiz\/\",\"url\":\"https:\/\/www.producoesacidentais.com\/espectaculos\/projecto-beremiz\/assim-falou-beremiz\/\",\"name\":\"Assim falou Beremiz - Produ\u00e7\u00f5es Acidentais\",\"isPartOf\":{\"@id\":\"https:\/\/www.producoesacidentais.com\/#website\"},\"primaryImageOfPage\":{\"@id\":\"https:\/\/www.producoesacidentais.com\/espectaculos\/projecto-beremiz\/assim-falou-beremiz\/#primaryimage\"},\"image\":{\"@id\":\"https:\/\/www.producoesacidentais.com\/espectaculos\/projecto-beremiz\/assim-falou-beremiz\/#primaryimage\"},\"thumbnailUrl\":\"http:\/\/proacid.wpengine.com\/wp-content\/uploads\/2013\/09\/Untitled1.png\",\"datePublished\":\"2013-09-28T16:35:54+00:00\",\"dateModified\":\"2022-06-24T23:11:18+00:00\",\"breadcrumb\":{\"@id\":\"https:\/\/www.producoesacidentais.com\/espectaculos\/projecto-beremiz\/assim-falou-beremiz\/#breadcrumb\"},\"inLanguage\":\"en-US\",\"potentialAction\":[{\"@type\":\"ReadAction\",\"target\":[\"https:\/\/www.producoesacidentais.com\/espectaculos\/projecto-beremiz\/assim-falou-beremiz\/\"]}]},{\"@type\":\"ImageObject\",\"inLanguage\":\"en-US\",\"@id\":\"https:\/\/www.producoesacidentais.com\/espectaculos\/projecto-beremiz\/assim-falou-beremiz\/#primaryimage\",\"url\":\"http:\/\/proacid.wpengine.com\/wp-content\/uploads\/2013\/09\/Untitled1.png\",\"contentUrl\":\"http:\/\/proacid.wpengine.com\/wp-content\/uploads\/2013\/09\/Untitled1.png\"},{\"@type\":\"BreadcrumbList\",\"@id\":\"https:\/\/www.producoesacidentais.com\/espectaculos\/projecto-beremiz\/assim-falou-beremiz\/#breadcrumb\",\"itemListElement\":[{\"@type\":\"ListItem\",\"position\":1,\"name\":\"In\u00edcio\",\"item\":\"https:\/\/www.producoesacidentais.com\/\"},{\"@type\":\"ListItem\",\"position\":2,\"name\":\"espect\u00e1culos\",\"item\":\"https:\/\/www.producoesacidentais.com\/espectaculos\/\"},{\"@type\":\"ListItem\",\"position\":3,\"name\":\"Projecto Beremiz\",\"item\":\"https:\/\/www.producoesacidentais.com\/espectaculos\/projecto-beremiz\/\"},{\"@type\":\"ListItem\",\"position\":4,\"name\":\"Assim falou Beremiz\"}]},{\"@type\":\"WebSite\",\"@id\":\"https:\/\/www.producoesacidentais.com\/#website\",\"url\":\"https:\/\/www.producoesacidentais.com\/\",\"name\":\"Produ\u00e7\u00f5es Acidentais\",\"description\":\"The theater is so endlessly fascinating because it&#039;s so accidental. It&#039;s so much like life. -- Arthur Miller\",\"publisher\":{\"@id\":\"https:\/\/www.producoesacidentais.com\/#organization\"},\"potentialAction\":[{\"@type\":\"SearchAction\",\"target\":{\"@type\":\"EntryPoint\",\"urlTemplate\":\"https:\/\/www.producoesacidentais.com\/?s={search_term_string}\"},\"query-input\":\"required name=search_term_string\"}],\"inLanguage\":\"en-US\"},{\"@type\":\"Organization\",\"@id\":\"https:\/\/www.producoesacidentais.com\/#organization\",\"name\":\"Produ\u00e7\u00f5es Acidentais\",\"url\":\"https:\/\/www.producoesacidentais.com\/\",\"logo\":{\"@type\":\"ImageObject\",\"inLanguage\":\"en-US\",\"@id\":\"https:\/\/www.producoesacidentais.com\/#\/schema\/logo\/image\/\",\"url\":\"https:\/\/www.producoesacidentais.com\/wp-content\/uploads\/2021\/02\/cropped-producoesacidentais_vector.png\",\"contentUrl\":\"https:\/\/www.producoesacidentais.com\/wp-content\/uploads\/2021\/02\/cropped-producoesacidentais_vector.png\",\"width\":351,\"height\":91,\"caption\":\"Produ\u00e7\u00f5es Acidentais\"},\"image\":{\"@id\":\"https:\/\/www.producoesacidentais.com\/#\/schema\/logo\/image\/\"},\"sameAs\":[\"https:\/\/www.facebook.com\/ProAcid\/\"]}]}<\/script>\n<!-- \/ Yoast SEO plugin. -->","yoast_head_json":{"title":"Assim falou Beremiz - Produ\u00e7\u00f5es Acidentais","robots":{"index":"index","follow":"follow","max-snippet":"max-snippet:-1","max-image-preview":"max-image-preview:large","max-video-preview":"max-video-preview:-1"},"canonical":"https:\/\/www.producoesacidentais.com\/espectaculos\/projecto-beremiz\/assim-falou-beremiz\/","og_locale":"en_US","og_type":"article","og_title":"Assim falou Beremiz - Produ\u00e7\u00f5es Acidentais","og_description":"&nbsp;","og_url":"https:\/\/www.producoesacidentais.com\/espectaculos\/projecto-beremiz\/assim-falou-beremiz\/","og_site_name":"Produ\u00e7\u00f5es Acidentais","article_publisher":"https:\/\/www.facebook.com\/ProAcid\/","article_modified_time":"2022-06-24T23:11:18+00:00","og_image":[{"url":"http:\/\/proacid.wpengine.com\/wp-content\/uploads\/2013\/09\/Untitled1.png"}],"twitter_card":"summary_large_image","twitter_misc":{"Est. reading time":"1 minute"},"schema":{"@context":"https:\/\/schema.org","@graph":[{"@type":"WebPage","@id":"https:\/\/www.producoesacidentais.com\/espectaculos\/projecto-beremiz\/assim-falou-beremiz\/","url":"https:\/\/www.producoesacidentais.com\/espectaculos\/projecto-beremiz\/assim-falou-beremiz\/","name":"Assim falou Beremiz - Produ\u00e7\u00f5es Acidentais","isPartOf":{"@id":"https:\/\/www.producoesacidentais.com\/#website"},"primaryImageOfPage":{"@id":"https:\/\/www.producoesacidentais.com\/espectaculos\/projecto-beremiz\/assim-falou-beremiz\/#primaryimage"},"image":{"@id":"https:\/\/www.producoesacidentais.com\/espectaculos\/projecto-beremiz\/assim-falou-beremiz\/#primaryimage"},"thumbnailUrl":"http:\/\/proacid.wpengine.com\/wp-content\/uploads\/2013\/09\/Untitled1.png","datePublished":"2013-09-28T16:35:54+00:00","dateModified":"2022-06-24T23:11:18+00:00","breadcrumb":{"@id":"https:\/\/www.producoesacidentais.com\/espectaculos\/projecto-beremiz\/assim-falou-beremiz\/#breadcrumb"},"inLanguage":"en-US","potentialAction":[{"@type":"ReadAction","target":["https:\/\/www.producoesacidentais.com\/espectaculos\/projecto-beremiz\/assim-falou-beremiz\/"]}]},{"@type":"ImageObject","inLanguage":"en-US","@id":"https:\/\/www.producoesacidentais.com\/espectaculos\/projecto-beremiz\/assim-falou-beremiz\/#primaryimage","url":"http:\/\/proacid.wpengine.com\/wp-content\/uploads\/2013\/09\/Untitled1.png","contentUrl":"http:\/\/proacid.wpengine.com\/wp-content\/uploads\/2013\/09\/Untitled1.png"},{"@type":"BreadcrumbList","@id":"https:\/\/www.producoesacidentais.com\/espectaculos\/projecto-beremiz\/assim-falou-beremiz\/#breadcrumb","itemListElement":[{"@type":"ListItem","position":1,"name":"In\u00edcio","item":"https:\/\/www.producoesacidentais.com\/"},{"@type":"ListItem","position":2,"name":"espect\u00e1culos","item":"https:\/\/www.producoesacidentais.com\/espectaculos\/"},{"@type":"ListItem","position":3,"name":"Projecto Beremiz","item":"https:\/\/www.producoesacidentais.com\/espectaculos\/projecto-beremiz\/"},{"@type":"ListItem","position":4,"name":"Assim falou Beremiz"}]},{"@type":"WebSite","@id":"https:\/\/www.producoesacidentais.com\/#website","url":"https:\/\/www.producoesacidentais.com\/","name":"Produ\u00e7\u00f5es Acidentais","description":"The theater is so endlessly fascinating because it&#039;s so accidental. It&#039;s so much like life. -- Arthur Miller","publisher":{"@id":"https:\/\/www.producoesacidentais.com\/#organization"},"potentialAction":[{"@type":"SearchAction","target":{"@type":"EntryPoint","urlTemplate":"https:\/\/www.producoesacidentais.com\/?s={search_term_string}"},"query-input":"required name=search_term_string"}],"inLanguage":"en-US"},{"@type":"Organization","@id":"https:\/\/www.producoesacidentais.com\/#organization","name":"Produ\u00e7\u00f5es Acidentais","url":"https:\/\/www.producoesacidentais.com\/","logo":{"@type":"ImageObject","inLanguage":"en-US","@id":"https:\/\/www.producoesacidentais.com\/#\/schema\/logo\/image\/","url":"https:\/\/www.producoesacidentais.com\/wp-content\/uploads\/2021\/02\/cropped-producoesacidentais_vector.png","contentUrl":"https:\/\/www.producoesacidentais.com\/wp-content\/uploads\/2021\/02\/cropped-producoesacidentais_vector.png","width":351,"height":91,"caption":"Produ\u00e7\u00f5es Acidentais"},"image":{"@id":"https:\/\/www.producoesacidentais.com\/#\/schema\/logo\/image\/"},"sameAs":["https:\/\/www.facebook.com\/ProAcid\/"]}]}},"_links":{"self":[{"href":"https:\/\/www.producoesacidentais.com\/en\/wp-json\/wp\/v2\/pages\/33"}],"collection":[{"href":"https:\/\/www.producoesacidentais.com\/en\/wp-json\/wp\/v2\/pages"}],"about":[{"href":"https:\/\/www.producoesacidentais.com\/en\/wp-json\/wp\/v2\/types\/page"}],"author":[{"embeddable":true,"href":"https:\/\/www.producoesacidentais.com\/en\/wp-json\/wp\/v2\/users\/2"}],"replies":[{"embeddable":true,"href":"https:\/\/www.producoesacidentais.com\/en\/wp-json\/wp\/v2\/comments?post=33"}],"version-history":[{"count":1,"href":"https:\/\/www.producoesacidentais.com\/en\/wp-json\/wp\/v2\/pages\/33\/revisions"}],"predecessor-version":[{"id":241,"href":"https:\/\/www.producoesacidentais.com\/en\/wp-json\/wp\/v2\/pages\/33\/revisions\/241"}],"up":[{"embeddable":true,"href":"https:\/\/www.producoesacidentais.com\/en\/wp-json\/wp\/v2\/pages\/32"}],"wp:attachment":[{"href":"https:\/\/www.producoesacidentais.com\/en\/wp-json\/wp\/v2\/media?parent=33"}],"curies":[{"name":"wp","href":"https:\/\/api.w.org\/{rel}","templated":true}]}}