{"id":32,"date":"2013-09-28T17:35:28","date_gmt":"2013-09-28T16:35:28","guid":{"rendered":"http:\/\/proacid.wpengine.com\/?page_id=32"},"modified":"2022-06-25T00:11:18","modified_gmt":"2022-06-24T23:11:18","slug":"projecto-beremiz","status":"publish","type":"page","link":"https:\/\/www.producoesacidentais.com\/en\/espectaculos\/projecto-beremiz\/","title":{"rendered":"Projecto Beremiz"},"content":{"rendered":"<p style=\"text-align: center;\">\u00a0Baseado no livro de Malba Tahan &#8220;<span style=\"color: #545454;\">O Homem que Calculava<\/span>&#8220;, este projecto pretende estimular a curiosidade das crian\u00e7as para uma \u00e1rea t\u00e3o frequentemente considerada &#8220;\u00e1rida&#8221;<b>;<\/b><span class=\"apple-converted-space\">\u00a0<\/span>duma forma por vezes divertida, por vezes misteriosa, s\u00e3o abordados v\u00e1rios casos matem\u00e1ticos adequados aos jovens do 2\u00ba ciclo (<em>Fase 1<\/em>) e do 3\u00ba ciclo (<em>Fase 2<\/em>): alguns, simples\u00a0curiosidades, outros que se prendem com a mat\u00e9ria inclu\u00edda nos programas.<\/p>\n<p style=\"text-align: left;\"><em>Fase 1<\/em><\/p>\n<p><a title=\"Assim falou Beremiz\" href=\"http:\/\/proacid.wpengine.com\/?page_id=33\"><strong>Assim Falou Beremiz<\/strong><\/a><\/p>\n<ul>\n<li>espect\u00e1culo \/ oficina\u00a0\u2013 5\u00ba, 6\u00ba e 7\u00ba anos<\/li>\n<\/ul>\n<p><em>Duas pessoas que conheceram Beremiz falam dele, contam epis\u00f3dios da sua vida e apresentam exemplos da sua sapi\u00eancia e dos seus espl\u00eandidos dotes de c\u00e1lculo<\/em><\/p>\n<p style=\"text-align: justify;\">Na sala de aula, a Odalisca e o Adivinho apresentam uma hist\u00f3ria que d\u00e1 a conhecer um determinado caso da Matem\u00e1tica; em seguida, os alunos s\u00e3o convidados para ajudar a contar essa hist\u00f3ria, ora intervindo enquanto personagens, ora ajudando na demonstra\u00e7\u00e3o do caso apresentado.<\/p>\n<p style=\"text-align: justify;\">Posteriormente, todas as turmas participantes se re\u00fanem e assistem ao espect\u00e1culo \u2013 conduzido pelos actores e pelos volunt\u00e1rios \u2013 que integra todas as hist\u00f3rias e casos matem\u00e1ticos apresentados nas salas de aula.<\/p>\n<p style=\"text-align: center;\"><strong>*<\/strong><\/p>\n<p><em>Fase 2 (em prepara\u00e7\u00e3o)<\/em> <strong>Beremiz, o Calculista<\/strong><\/p>\n<ul>\n<li>espect\u00e1culo &#8211; 3\u00ba ciclo<\/li>\n<\/ul>\n<p><em>Beremiz, prod\u00edgio do c\u00e1lculo, atravessa a antiga Ar\u00e1bia deixando atr\u00e1s de si o rasto lend\u00e1rio dos seus feitos: num s\u00f3 olhar, conseguia calcular quantas folhas tem uma \u00e1rvore, quantas abelhas tem um enxame! Vai contar-nos como conseguiu repartir 35 camelos por 3 irm\u00e3os, como, usando apenas 4 quatros, se obt\u00eam todos os n\u00fameros de 1 a 100 (excepto o 41!), vamos saber quanto \u00e9 metade do tempo duma pris\u00e3o perp\u00e9tua, qual a origem do jogo de xadrez, qual a f\u00f3rmula matem\u00e1tica da beleza!<\/em> <em>Vamos acompanh\u00e1-lo e descobrir com ele a poesia que t\u00eam os n\u00fameros, porque, como ele pr\u00f3prio afirma: louvado seja Allah, que criou a Mulher, o Amor e a Matem\u00e1tica.\u00a0<\/em><\/p>\n","protected":false},"excerpt":{"rendered":"<p>\u00a0Baseado no livro de Malba Tahan &#8220;O Homem que Calculava&#8220;, este projecto pretende estimular a curiosidade das crian\u00e7as para uma \u00e1rea t\u00e3o frequentemente considerada &#8220;\u00e1rida&#8221;;\u00a0duma forma por vezes divertida, por vezes misteriosa, s\u00e3o abordados v\u00e1rios casos matem\u00e1ticos adequados aos jovens do 2\u00ba ciclo (Fase 1) e do 3\u00ba ciclo (Fase 2): alguns, simples\u00a0curiosidades, outros que [&hellip;]<\/p>\n","protected":false},"author":2,"featured_media":0,"parent":14,"menu_order":0,"comment_status":"closed","ping_status":"closed","template":"","meta":{"ngg_post_thumbnail":0,"footnotes":""},"yoast_head":"<!-- This site is optimized with the Yoast SEO plugin v22.3 - https:\/\/yoast.com\/wordpress\/plugins\/seo\/ -->\n<title>Projecto Beremiz - Produ\u00e7\u00f5es Acidentais<\/title>\n<meta name=\"robots\" content=\"index, follow, max-snippet:-1, max-image-preview:large, max-video-preview:-1\" \/>\n<link rel=\"canonical\" href=\"https:\/\/www.producoesacidentais.com\/espectaculos\/projecto-beremiz\/\" \/>\n<meta property=\"og:locale\" content=\"en_US\" \/>\n<meta property=\"og:type\" content=\"article\" \/>\n<meta property=\"og:title\" content=\"Projecto Beremiz - Produ\u00e7\u00f5es Acidentais\" \/>\n<meta property=\"og:description\" content=\"\u00a0Baseado no livro de Malba Tahan &#8220;O Homem que Calculava&#8220;, este projecto pretende estimular a curiosidade das crian\u00e7as para uma \u00e1rea t\u00e3o frequentemente considerada &#8220;\u00e1rida&#8221;;\u00a0duma forma por vezes divertida, por vezes misteriosa, s\u00e3o abordados v\u00e1rios casos matem\u00e1ticos adequados aos jovens do 2\u00ba ciclo (Fase 1) e do 3\u00ba ciclo (Fase 2): alguns, simples\u00a0curiosidades, outros que [&hellip;]\" \/>\n<meta property=\"og:url\" content=\"https:\/\/www.producoesacidentais.com\/espectaculos\/projecto-beremiz\/\" \/>\n<meta property=\"og:site_name\" content=\"Produ\u00e7\u00f5es Acidentais\" \/>\n<meta property=\"article:publisher\" content=\"https:\/\/www.facebook.com\/ProAcid\/\" \/>\n<meta property=\"article:modified_time\" content=\"2022-06-24T23:11:18+00:00\" \/>\n<meta name=\"twitter:card\" content=\"summary_large_image\" \/>\n<meta name=\"twitter:label1\" content=\"Est. reading time\" \/>\n\t<meta name=\"twitter:data1\" content=\"2 minutes\" \/>\n<script type=\"application\/ld+json\" class=\"yoast-schema-graph\">{\"@context\":\"https:\/\/schema.org\",\"@graph\":[{\"@type\":\"WebPage\",\"@id\":\"https:\/\/www.producoesacidentais.com\/espectaculos\/projecto-beremiz\/\",\"url\":\"https:\/\/www.producoesacidentais.com\/espectaculos\/projecto-beremiz\/\",\"name\":\"Projecto Beremiz - Produ\u00e7\u00f5es Acidentais\",\"isPartOf\":{\"@id\":\"https:\/\/www.producoesacidentais.com\/#website\"},\"datePublished\":\"2013-09-28T16:35:28+00:00\",\"dateModified\":\"2022-06-24T23:11:18+00:00\",\"breadcrumb\":{\"@id\":\"https:\/\/www.producoesacidentais.com\/espectaculos\/projecto-beremiz\/#breadcrumb\"},\"inLanguage\":\"en-US\",\"potentialAction\":[{\"@type\":\"ReadAction\",\"target\":[\"https:\/\/www.producoesacidentais.com\/espectaculos\/projecto-beremiz\/\"]}]},{\"@type\":\"BreadcrumbList\",\"@id\":\"https:\/\/www.producoesacidentais.com\/espectaculos\/projecto-beremiz\/#breadcrumb\",\"itemListElement\":[{\"@type\":\"ListItem\",\"position\":1,\"name\":\"In\u00edcio\",\"item\":\"https:\/\/www.producoesacidentais.com\/\"},{\"@type\":\"ListItem\",\"position\":2,\"name\":\"espect\u00e1culos\",\"item\":\"https:\/\/www.producoesacidentais.com\/espectaculos\/\"},{\"@type\":\"ListItem\",\"position\":3,\"name\":\"Projecto Beremiz\"}]},{\"@type\":\"WebSite\",\"@id\":\"https:\/\/www.producoesacidentais.com\/#website\",\"url\":\"https:\/\/www.producoesacidentais.com\/\",\"name\":\"Produ\u00e7\u00f5es Acidentais\",\"description\":\"The theater is so endlessly fascinating because it&#039;s so accidental. It&#039;s so much like life. -- Arthur Miller\",\"publisher\":{\"@id\":\"https:\/\/www.producoesacidentais.com\/#organization\"},\"potentialAction\":[{\"@type\":\"SearchAction\",\"target\":{\"@type\":\"EntryPoint\",\"urlTemplate\":\"https:\/\/www.producoesacidentais.com\/?s={search_term_string}\"},\"query-input\":\"required name=search_term_string\"}],\"inLanguage\":\"en-US\"},{\"@type\":\"Organization\",\"@id\":\"https:\/\/www.producoesacidentais.com\/#organization\",\"name\":\"Produ\u00e7\u00f5es Acidentais\",\"url\":\"https:\/\/www.producoesacidentais.com\/\",\"logo\":{\"@type\":\"ImageObject\",\"inLanguage\":\"en-US\",\"@id\":\"https:\/\/www.producoesacidentais.com\/#\/schema\/logo\/image\/\",\"url\":\"https:\/\/www.producoesacidentais.com\/wp-content\/uploads\/2021\/02\/cropped-producoesacidentais_vector.png\",\"contentUrl\":\"https:\/\/www.producoesacidentais.com\/wp-content\/uploads\/2021\/02\/cropped-producoesacidentais_vector.png\",\"width\":351,\"height\":91,\"caption\":\"Produ\u00e7\u00f5es Acidentais\"},\"image\":{\"@id\":\"https:\/\/www.producoesacidentais.com\/#\/schema\/logo\/image\/\"},\"sameAs\":[\"https:\/\/www.facebook.com\/ProAcid\/\"]}]}<\/script>\n<!-- \/ Yoast SEO plugin. -->","yoast_head_json":{"title":"Projecto Beremiz - Produ\u00e7\u00f5es Acidentais","robots":{"index":"index","follow":"follow","max-snippet":"max-snippet:-1","max-image-preview":"max-image-preview:large","max-video-preview":"max-video-preview:-1"},"canonical":"https:\/\/www.producoesacidentais.com\/espectaculos\/projecto-beremiz\/","og_locale":"en_US","og_type":"article","og_title":"Projecto Beremiz - Produ\u00e7\u00f5es Acidentais","og_description":"\u00a0Baseado no livro de Malba Tahan &#8220;O Homem que Calculava&#8220;, este projecto pretende estimular a curiosidade das crian\u00e7as para uma \u00e1rea t\u00e3o frequentemente considerada &#8220;\u00e1rida&#8221;;\u00a0duma forma por vezes divertida, por vezes misteriosa, s\u00e3o abordados v\u00e1rios casos matem\u00e1ticos adequados aos jovens do 2\u00ba ciclo (Fase 1) e do 3\u00ba ciclo (Fase 2): alguns, simples\u00a0curiosidades, outros que [&hellip;]","og_url":"https:\/\/www.producoesacidentais.com\/espectaculos\/projecto-beremiz\/","og_site_name":"Produ\u00e7\u00f5es Acidentais","article_publisher":"https:\/\/www.facebook.com\/ProAcid\/","article_modified_time":"2022-06-24T23:11:18+00:00","twitter_card":"summary_large_image","twitter_misc":{"Est. reading time":"2 minutes"},"schema":{"@context":"https:\/\/schema.org","@graph":[{"@type":"WebPage","@id":"https:\/\/www.producoesacidentais.com\/espectaculos\/projecto-beremiz\/","url":"https:\/\/www.producoesacidentais.com\/espectaculos\/projecto-beremiz\/","name":"Projecto Beremiz - Produ\u00e7\u00f5es Acidentais","isPartOf":{"@id":"https:\/\/www.producoesacidentais.com\/#website"},"datePublished":"2013-09-28T16:35:28+00:00","dateModified":"2022-06-24T23:11:18+00:00","breadcrumb":{"@id":"https:\/\/www.producoesacidentais.com\/espectaculos\/projecto-beremiz\/#breadcrumb"},"inLanguage":"en-US","potentialAction":[{"@type":"ReadAction","target":["https:\/\/www.producoesacidentais.com\/espectaculos\/projecto-beremiz\/"]}]},{"@type":"BreadcrumbList","@id":"https:\/\/www.producoesacidentais.com\/espectaculos\/projecto-beremiz\/#breadcrumb","itemListElement":[{"@type":"ListItem","position":1,"name":"In\u00edcio","item":"https:\/\/www.producoesacidentais.com\/"},{"@type":"ListItem","position":2,"name":"espect\u00e1culos","item":"https:\/\/www.producoesacidentais.com\/espectaculos\/"},{"@type":"ListItem","position":3,"name":"Projecto Beremiz"}]},{"@type":"WebSite","@id":"https:\/\/www.producoesacidentais.com\/#website","url":"https:\/\/www.producoesacidentais.com\/","name":"Produ\u00e7\u00f5es Acidentais","description":"The theater is so endlessly fascinating because it&#039;s so accidental. It&#039;s so much like life. -- Arthur Miller","publisher":{"@id":"https:\/\/www.producoesacidentais.com\/#organization"},"potentialAction":[{"@type":"SearchAction","target":{"@type":"EntryPoint","urlTemplate":"https:\/\/www.producoesacidentais.com\/?s={search_term_string}"},"query-input":"required name=search_term_string"}],"inLanguage":"en-US"},{"@type":"Organization","@id":"https:\/\/www.producoesacidentais.com\/#organization","name":"Produ\u00e7\u00f5es Acidentais","url":"https:\/\/www.producoesacidentais.com\/","logo":{"@type":"ImageObject","inLanguage":"en-US","@id":"https:\/\/www.producoesacidentais.com\/#\/schema\/logo\/image\/","url":"https:\/\/www.producoesacidentais.com\/wp-content\/uploads\/2021\/02\/cropped-producoesacidentais_vector.png","contentUrl":"https:\/\/www.producoesacidentais.com\/wp-content\/uploads\/2021\/02\/cropped-producoesacidentais_vector.png","width":351,"height":91,"caption":"Produ\u00e7\u00f5es Acidentais"},"image":{"@id":"https:\/\/www.producoesacidentais.com\/#\/schema\/logo\/image\/"},"sameAs":["https:\/\/www.facebook.com\/ProAcid\/"]}]}},"_links":{"self":[{"href":"https:\/\/www.producoesacidentais.com\/en\/wp-json\/wp\/v2\/pages\/32"}],"collection":[{"href":"https:\/\/www.producoesacidentais.com\/en\/wp-json\/wp\/v2\/pages"}],"about":[{"href":"https:\/\/www.producoesacidentais.com\/en\/wp-json\/wp\/v2\/types\/page"}],"author":[{"embeddable":true,"href":"https:\/\/www.producoesacidentais.com\/en\/wp-json\/wp\/v2\/users\/2"}],"replies":[{"embeddable":true,"href":"https:\/\/www.producoesacidentais.com\/en\/wp-json\/wp\/v2\/comments?post=32"}],"version-history":[{"count":1,"href":"https:\/\/www.producoesacidentais.com\/en\/wp-json\/wp\/v2\/pages\/32\/revisions"}],"predecessor-version":[{"id":240,"href":"https:\/\/www.producoesacidentais.com\/en\/wp-json\/wp\/v2\/pages\/32\/revisions\/240"}],"up":[{"embeddable":true,"href":"https:\/\/www.producoesacidentais.com\/en\/wp-json\/wp\/v2\/pages\/14"}],"wp:attachment":[{"href":"https:\/\/www.producoesacidentais.com\/en\/wp-json\/wp\/v2\/media?parent=32"}],"curies":[{"name":"wp","href":"https:\/\/api.w.org\/{rel}","templated":true}]}}