{"id":30,"date":"2013-09-28T17:33:57","date_gmt":"2013-09-28T16:33:57","guid":{"rendered":"http:\/\/proacid.wpengine.com\/?page_id=30"},"modified":"2022-06-25T00:11:04","modified_gmt":"2022-06-24T23:11:04","slug":"porque-sim-porque-nao","status":"publish","type":"page","link":"https:\/\/www.producoesacidentais.com\/en\/espectaculos\/porque-sim-porque-nao\/","title":{"rendered":"Porque Sim! Porque N\u00e3o!"},"content":{"rendered":"<p style=\"text-align: justify;\"><em><strong><a href=\"http:\/\/proacid.wpengine.com\/wp-content\/uploads\/2013\/09\/FrenteFlyer.png\"><img loading=\"lazy\" decoding=\"async\" class=\"aligncenter wp-image-91\" src=\"http:\/\/proacid.wpengine.com\/wp-content\/uploads\/2013\/09\/FrenteFlyer-271x300.png\" alt=\"FrenteFlyer\" width=\"650\" height=\"718\" srcset=\"https:\/\/www.producoesacidentais.com\/wp-content\/uploads\/2013\/09\/FrenteFlyer-271x300.png 271w, https:\/\/www.producoesacidentais.com\/wp-content\/uploads\/2013\/09\/FrenteFlyer-624x689.png 624w, https:\/\/www.producoesacidentais.com\/wp-content\/uploads\/2013\/09\/FrenteFlyer.png 867w\" sizes=\"(max-width: 650px) 100vw, 650px\" \/><\/a> <\/strong><\/em><\/p>\n<p style=\"text-align: justify;\"><em><strong>Porque Sim <\/strong>e<strong> Porque N\u00e3o<\/strong> s\u00e3o dois amigos insepar\u00e1veis mas com uma particularidade: nunca est\u00e3o de acordo! Ou por outra, est\u00e3o de acordo\u2026 em discordar! Se um diz preto, o outro diz branco; se um diz esquerda, o outro diz direita; se um diz para cima, o outro diz para baixo\u2026 at\u00e9 que resolvem separar-se mas n\u00e3o conseguem concordar em qual o caminho que cada um vai seguir. Acabam por ir juntos e passam por aventuras t\u00e3o emocionantes que nem t\u00eam tempo para discutir! E descobrem que, afinal, t\u00eam muitas saudades duma boa discuss\u00e3o\u2026<\/em><\/p>\n<p>Com este espect\u00e1culo pretendemos real\u00e7ar que esta \u00e9poca da \u201ccomunica\u00e7\u00e3o\u201d em que vivemos talvez seja, por outro lado, um dos per\u00edodos em que menos comunicamos. Na \u00e9poca da comunica\u00e7\u00e3o virtual, as verdadeiras discuss\u00f5es ficam cada vez mais esquecidas. Pretendemos, pois, estimular nas crian\u00e7as o gosto pela palavra, pela constru\u00e7\u00e3o de argumentos e pela defesa de ideias .<\/p>\n<p>Ou, como diz a can\u00e7\u00e3o:<\/p>\n<p style=\"text-align: center;\">Qual \u00e9 a melhor resposta?<br \/>\nPorque sim ou porque n\u00e3o?<br \/>\nPorque \u00e9 que havemos de ter<br \/>\numa \u00fanica vis\u00e3o?<\/p>\n\n<div class=\"ngg-galleryoverview ngg-slideshow\"\n\tid=\"ngg-slideshow-0cc8fe74f11adabf02da061b5ad229f4-1385974840\"\n\tdata-gallery-id=\"0cc8fe74f11adabf02da061b5ad229f4\"\n\tstyle=\"max-width: px;\n\t\t\tmax-height: px;\n\t\t\tdisplay: none;\">\n\n\t\n\t\t<a href=\"https:\/\/www.producoesacidentais.com\/wp-content\/gallery\/pspn\/foto-pspn-autorcarlos-silva.jpg\"\n\t\t\ttitle=\"\"\n\t\t\tdata-src=\"https:\/\/www.producoesacidentais.com\/wp-content\/gallery\/pspn\/foto-pspn-autorcarlos-silva.jpg\"\n\t\t\tdata-thumbnail=\"https:\/\/www.producoesacidentais.com\/wp-content\/gallery\/pspn\/thumbs\/thumbs_foto-pspn-autorcarlos-silva.jpg\"\n\t\t\tdata-image-id=\"35\"\n\t\t\tdata-title=\"foto-pspn-autorcarlos-silva\"\n\t\t\tdata-description=\"\"\n\t\t\tclass='thickbox' rel='0cc8fe74f11adabf02da061b5ad229f4'>\n\n\t\t\t<img data-image-id='35'\n\t\t\t\ttitle=\"\"\n\t\t\t\talt=\"foto-pspn-autorcarlos-silva\"\n\t\t\t\tsrc=\"https:\/\/www.producoesacidentais.com\/wp-content\/gallery\/pspn\/foto-pspn-autorcarlos-silva.jpg\"\n\t\t\t\tstyle=\"max-height: -20px;\"\/>\n\t\t<\/a>\n\n\t\t\n\t\t<a href=\"https:\/\/www.producoesacidentais.com\/wp-content\/gallery\/pspn\/foto-pspn1-autorcarlos-silva.jpg\"\n\t\t\ttitle=\"\"\n\t\t\tdata-src=\"https:\/\/www.producoesacidentais.com\/wp-content\/gallery\/pspn\/foto-pspn1-autorcarlos-silva.jpg\"\n\t\t\tdata-thumbnail=\"https:\/\/www.producoesacidentais.com\/wp-content\/gallery\/pspn\/thumbs\/thumbs_foto-pspn1-autorcarlos-silva.jpg\"\n\t\t\tdata-image-id=\"36\"\n\t\t\tdata-title=\"foto-pspn1-autorcarlos-silva\"\n\t\t\tdata-description=\"\"\n\t\t\tclass='thickbox' rel='0cc8fe74f11adabf02da061b5ad229f4'>\n\n\t\t\t<img data-image-id='36'\n\t\t\t\ttitle=\"\"\n\t\t\t\talt=\"foto-pspn1-autorcarlos-silva\"\n\t\t\t\tsrc=\"https:\/\/www.producoesacidentais.com\/wp-content\/gallery\/pspn\/foto-pspn1-autorcarlos-silva.jpg\"\n\t\t\t\tstyle=\"max-height: -20px;\"\/>\n\t\t<\/a>\n\n\t\t\n\t\t<a href=\"https:\/\/www.producoesacidentais.com\/wp-content\/gallery\/pspn\/foto-pspn2-autorcarlos-silva.jpg\"\n\t\t\ttitle=\"\"\n\t\t\tdata-src=\"https:\/\/www.producoesacidentais.com\/wp-content\/gallery\/pspn\/foto-pspn2-autorcarlos-silva.jpg\"\n\t\t\tdata-thumbnail=\"https:\/\/www.producoesacidentais.com\/wp-content\/gallery\/pspn\/thumbs\/thumbs_foto-pspn2-autorcarlos-silva.jpg\"\n\t\t\tdata-image-id=\"37\"\n\t\t\tdata-title=\"foto-pspn2-autorcarlos-silva\"\n\t\t\tdata-description=\"\"\n\t\t\tclass='thickbox' rel='0cc8fe74f11adabf02da061b5ad229f4'>\n\n\t\t\t<img data-image-id='37'\n\t\t\t\ttitle=\"\"\n\t\t\t\talt=\"foto-pspn2-autorcarlos-silva\"\n\t\t\t\tsrc=\"https:\/\/www.producoesacidentais.com\/wp-content\/gallery\/pspn\/foto-pspn2-autorcarlos-silva.jpg\"\n\t\t\t\tstyle=\"max-height: -20px;\"\/>\n\t\t<\/a>\n\n\t\t\n\t\t<a href=\"https:\/\/www.producoesacidentais.com\/wp-content\/gallery\/pspn\/sementes10.jpg\"\n\t\t\ttitle=\"\"\n\t\t\tdata-src=\"https:\/\/www.producoesacidentais.com\/wp-content\/gallery\/pspn\/sementes10.jpg\"\n\t\t\tdata-thumbnail=\"https:\/\/www.producoesacidentais.com\/wp-content\/gallery\/pspn\/thumbs\/thumbs_sementes10.jpg\"\n\t\t\tdata-image-id=\"38\"\n\t\t\tdata-title=\"sementes10\"\n\t\t\tdata-description=\"\"\n\t\t\tclass='thickbox' rel='0cc8fe74f11adabf02da061b5ad229f4'>\n\n\t\t\t<img data-image-id='38'\n\t\t\t\ttitle=\"\"\n\t\t\t\talt=\"sementes10\"\n\t\t\t\tsrc=\"https:\/\/www.producoesacidentais.com\/wp-content\/gallery\/pspn\/sementes10.jpg\"\n\t\t\t\tstyle=\"max-height: -20px;\"\/>\n\t\t<\/a>\n\n\t\t\n\t\t<a href=\"https:\/\/www.producoesacidentais.com\/wp-content\/gallery\/pspn\/sementes13.jpg\"\n\t\t\ttitle=\"\"\n\t\t\tdata-src=\"https:\/\/www.producoesacidentais.com\/wp-content\/gallery\/pspn\/sementes13.jpg\"\n\t\t\tdata-thumbnail=\"https:\/\/www.producoesacidentais.com\/wp-content\/gallery\/pspn\/thumbs\/thumbs_sementes13.jpg\"\n\t\t\tdata-image-id=\"39\"\n\t\t\tdata-title=\"sementes13\"\n\t\t\tdata-description=\"\"\n\t\t\tclass='thickbox' rel='0cc8fe74f11adabf02da061b5ad229f4'>\n\n\t\t\t<img data-image-id='39'\n\t\t\t\ttitle=\"\"\n\t\t\t\talt=\"sementes13\"\n\t\t\t\tsrc=\"https:\/\/www.producoesacidentais.com\/wp-content\/gallery\/pspn\/sementes13.jpg\"\n\t\t\t\tstyle=\"max-height: -20px;\"\/>\n\t\t<\/a>\n\n\t\t\n\t\t<a href=\"https:\/\/www.producoesacidentais.com\/wp-content\/gallery\/pspn\/sementes15.jpg\"\n\t\t\ttitle=\"\"\n\t\t\tdata-src=\"https:\/\/www.producoesacidentais.com\/wp-content\/gallery\/pspn\/sementes15.jpg\"\n\t\t\tdata-thumbnail=\"https:\/\/www.producoesacidentais.com\/wp-content\/gallery\/pspn\/thumbs\/thumbs_sementes15.jpg\"\n\t\t\tdata-image-id=\"40\"\n\t\t\tdata-title=\"sementes15\"\n\t\t\tdata-description=\"\"\n\t\t\tclass='thickbox' rel='0cc8fe74f11adabf02da061b5ad229f4'>\n\n\t\t\t<img data-image-id='40'\n\t\t\t\ttitle=\"\"\n\t\t\t\talt=\"sementes15\"\n\t\t\t\tsrc=\"https:\/\/www.producoesacidentais.com\/wp-content\/gallery\/pspn\/sementes15.jpg\"\n\t\t\t\tstyle=\"max-height: -20px;\"\/>\n\t\t<\/a>\n\n\t\t\n\t\t<a href=\"https:\/\/www.producoesacidentais.com\/wp-content\/gallery\/pspn\/sementes7.jpg\"\n\t\t\ttitle=\"\"\n\t\t\tdata-src=\"https:\/\/www.producoesacidentais.com\/wp-content\/gallery\/pspn\/sementes7.jpg\"\n\t\t\tdata-thumbnail=\"https:\/\/www.producoesacidentais.com\/wp-content\/gallery\/pspn\/thumbs\/thumbs_sementes7.jpg\"\n\t\t\tdata-image-id=\"41\"\n\t\t\tdata-title=\"sementes7\"\n\t\t\tdata-description=\"\"\n\t\t\tclass='thickbox' rel='0cc8fe74f11adabf02da061b5ad229f4'>\n\n\t\t\t<img data-image-id='41'\n\t\t\t\ttitle=\"\"\n\t\t\t\talt=\"sementes7\"\n\t\t\t\tsrc=\"https:\/\/www.producoesacidentais.com\/wp-content\/gallery\/pspn\/sementes7.jpg\"\n\t\t\t\tstyle=\"max-height: -20px;\"\/>\n\t\t<\/a>\n\n\t\t\n\t\t<a href=\"https:\/\/www.producoesacidentais.com\/wp-content\/gallery\/pspn\/sementes8.jpg\"\n\t\t\ttitle=\"\"\n\t\t\tdata-src=\"https:\/\/www.producoesacidentais.com\/wp-content\/gallery\/pspn\/sementes8.jpg\"\n\t\t\tdata-thumbnail=\"https:\/\/www.producoesacidentais.com\/wp-content\/gallery\/pspn\/thumbs\/thumbs_sementes8.jpg\"\n\t\t\tdata-image-id=\"42\"\n\t\t\tdata-title=\"sementes8\"\n\t\t\tdata-description=\"\"\n\t\t\tclass='thickbox' rel='0cc8fe74f11adabf02da061b5ad229f4'>\n\n\t\t\t<img data-image-id='42'\n\t\t\t\ttitle=\"\"\n\t\t\t\talt=\"sementes8\"\n\t\t\t\tsrc=\"https:\/\/www.producoesacidentais.com\/wp-content\/gallery\/pspn\/sementes8.jpg\"\n\t\t\t\tstyle=\"max-height: -20px;\"\/>\n\t\t<\/a>\n\n\t\t<\/div>\n\n\t\t<!-- Thumbnails Link -->\n\t<div class=\"slideshowlink\" style=\"max-width: px;\">\n\t\t<a href='https:\/\/www.producoesacidentais.com\/en\/espectaculos\/porque-sim-porque-nao\/nggallery\/thumbnails'>[Show picture list]<\/a>\n\t<\/div>\n\n\n<p>Depoimentos<br \/>\nJardim Infantil A Cidade da Brincadeira<br \/>\nA hist\u00f3ria que une os extremos nos momentos dif\u00edceis. \u00c9 nestes momentos que surge a toler\u00e2ncia e \u00e9 esta que ajuda a crian\u00e7a na aceita\u00e7\u00e3o do comportamento imagin\u00e1rio e simb\u00f3lico. A toler\u00e2ncia traz confian\u00e7a e capacidade para ultrapassar os medos e os receios. Os meninos da &#8220;Cidade da Brincadeira&#8221; gostaram muito, ainda falam e imitam o monstro dos beijinhos\u2026 Beijinhos a Porque Sim e a Porque N\u00e3o. E um at\u00e9 breve!<br \/>\nE.B1\/ JI FELICIANO ANT\u00d3NIO OLEIRO<br \/>\nConsideramos que a pe\u00e7a estava adequada \u00e0 faixa et\u00e1ria das crian\u00e7as e visava um tema importante ao n\u00edvel das aprendizagens na \u00e1rea da forma\u00e7\u00e3o pessoal e social. A clareza do texto e a interac\u00e7\u00e3o das personagens com as crian\u00e7as provocou nelas um grande interesse e participa\u00e7\u00e3o, quando solicitada. O facto de a pe\u00e7a ser curta &#8211; o que tamb\u00e9m consider\u00e1mos adequado \u00e0 sua capacidade de aten\u00e7\u00e3o &#8211; fez com que, no final, algumas crian\u00e7as perguntassem porque \u00e9 que n\u00e3o havia mais, o que significa terem gostado e achado que podia continuar.<br \/>\nE.B1 n\u00ba 3 da Cova da Piedade<br \/>\nFoi not\u00f3ria a sensibiliza\u00e7\u00e3o dos alunos para diferentes formas de pensamento e de respeito pelo pr\u00f3ximo (\u2026) adquirem uma maior abertura racional, quer a n\u00edvel dos afectos quer das opini\u00f5es. (\u2026)Nesta tem\u00e1tica t\u00e3o pertinente na nossa sociedade esta pe\u00e7a de teatro teve uma contribui\u00e7\u00e3o muito significativa, pois estava muit\u00edssimo bem enquadrada para a faixa et\u00e1ria das crian\u00e7as, tendo sido entendida na sua plenitude pelos alunos. A interac\u00e7\u00e3o dos actores com os alunos foi dos momentos mais valorizados pelas crian\u00e7as (como foi posteriormente aferido na sala de aula). Foi igualmente gratificante assistir ao crescente poder lexical e argumentativo dos alunos ao expressarem as suas opini\u00f5es sobre o teatro. \u00c9 de louvar a compet\u00eancia e a estrutura\u00e7\u00e3o do teatro na dinamiza\u00e7\u00e3o de actividades com esta tem\u00e1tica.<\/p>\n","protected":false},"excerpt":{"rendered":"<p>Porque Sim e Porque N\u00e3o s\u00e3o dois amigos insepar\u00e1veis mas com uma particularidade: nunca est\u00e3o de acordo! Ou por outra, est\u00e3o de acordo\u2026 em discordar! Se um diz preto, o outro diz branco; se um diz esquerda, o outro diz direita; se um diz para cima, o outro diz para baixo\u2026 at\u00e9 que resolvem separar-se [&hellip;]<\/p>\n","protected":false},"author":2,"featured_media":0,"parent":14,"menu_order":0,"comment_status":"closed","ping_status":"closed","template":"","meta":{"ngg_post_thumbnail":0,"footnotes":""},"yoast_head":"<!-- This site is optimized with the Yoast SEO plugin v22.3 - https:\/\/yoast.com\/wordpress\/plugins\/seo\/ -->\n<title>Porque Sim! Porque N\u00e3o! - Produ\u00e7\u00f5es Acidentais<\/title>\n<meta name=\"robots\" content=\"index, follow, max-snippet:-1, max-image-preview:large, max-video-preview:-1\" \/>\n<link rel=\"canonical\" href=\"https:\/\/www.producoesacidentais.com\/espectaculos\/porque-sim-porque-nao\/\" \/>\n<meta property=\"og:locale\" content=\"en_US\" \/>\n<meta property=\"og:type\" content=\"article\" \/>\n<meta property=\"og:title\" content=\"Porque Sim! Porque N\u00e3o! - Produ\u00e7\u00f5es Acidentais\" \/>\n<meta property=\"og:description\" content=\"Porque Sim e Porque N\u00e3o s\u00e3o dois amigos insepar\u00e1veis mas com uma particularidade: nunca est\u00e3o de acordo! Ou por outra, est\u00e3o de acordo\u2026 em discordar! Se um diz preto, o outro diz branco; se um diz esquerda, o outro diz direita; se um diz para cima, o outro diz para baixo\u2026 at\u00e9 que resolvem separar-se [&hellip;]\" \/>\n<meta property=\"og:url\" content=\"https:\/\/www.producoesacidentais.com\/espectaculos\/porque-sim-porque-nao\/\" \/>\n<meta property=\"og:site_name\" content=\"Produ\u00e7\u00f5es Acidentais\" \/>\n<meta property=\"article:publisher\" content=\"https:\/\/www.facebook.com\/ProAcid\/\" \/>\n<meta property=\"article:modified_time\" content=\"2022-06-24T23:11:04+00:00\" \/>\n<meta property=\"og:image\" content=\"http:\/\/proacid.wpengine.com\/wp-content\/uploads\/2013\/09\/FrenteFlyer-271x300.png\" \/>\n<meta name=\"twitter:card\" content=\"summary_large_image\" \/>\n<meta name=\"twitter:label1\" content=\"Est. reading time\" \/>\n\t<meta name=\"twitter:data1\" content=\"3 minutes\" \/>\n<script type=\"application\/ld+json\" class=\"yoast-schema-graph\">{\"@context\":\"https:\/\/schema.org\",\"@graph\":[{\"@type\":\"WebPage\",\"@id\":\"https:\/\/www.producoesacidentais.com\/espectaculos\/porque-sim-porque-nao\/\",\"url\":\"https:\/\/www.producoesacidentais.com\/espectaculos\/porque-sim-porque-nao\/\",\"name\":\"Porque Sim! Porque N\u00e3o! - Produ\u00e7\u00f5es Acidentais\",\"isPartOf\":{\"@id\":\"https:\/\/www.producoesacidentais.com\/#website\"},\"primaryImageOfPage\":{\"@id\":\"https:\/\/www.producoesacidentais.com\/espectaculos\/porque-sim-porque-nao\/#primaryimage\"},\"image\":{\"@id\":\"https:\/\/www.producoesacidentais.com\/espectaculos\/porque-sim-porque-nao\/#primaryimage\"},\"thumbnailUrl\":\"http:\/\/proacid.wpengine.com\/wp-content\/uploads\/2013\/09\/FrenteFlyer-271x300.png\",\"datePublished\":\"2013-09-28T16:33:57+00:00\",\"dateModified\":\"2022-06-24T23:11:04+00:00\",\"breadcrumb\":{\"@id\":\"https:\/\/www.producoesacidentais.com\/espectaculos\/porque-sim-porque-nao\/#breadcrumb\"},\"inLanguage\":\"en-US\",\"potentialAction\":[{\"@type\":\"ReadAction\",\"target\":[\"https:\/\/www.producoesacidentais.com\/espectaculos\/porque-sim-porque-nao\/\"]}]},{\"@type\":\"ImageObject\",\"inLanguage\":\"en-US\",\"@id\":\"https:\/\/www.producoesacidentais.com\/espectaculos\/porque-sim-porque-nao\/#primaryimage\",\"url\":\"http:\/\/proacid.wpengine.com\/wp-content\/uploads\/2013\/09\/FrenteFlyer-271x300.png\",\"contentUrl\":\"http:\/\/proacid.wpengine.com\/wp-content\/uploads\/2013\/09\/FrenteFlyer-271x300.png\"},{\"@type\":\"BreadcrumbList\",\"@id\":\"https:\/\/www.producoesacidentais.com\/espectaculos\/porque-sim-porque-nao\/#breadcrumb\",\"itemListElement\":[{\"@type\":\"ListItem\",\"position\":1,\"name\":\"In\u00edcio\",\"item\":\"https:\/\/www.producoesacidentais.com\/\"},{\"@type\":\"ListItem\",\"position\":2,\"name\":\"espect\u00e1culos\",\"item\":\"https:\/\/www.producoesacidentais.com\/espectaculos\/\"},{\"@type\":\"ListItem\",\"position\":3,\"name\":\"Porque Sim! Porque N\u00e3o!\"}]},{\"@type\":\"WebSite\",\"@id\":\"https:\/\/www.producoesacidentais.com\/#website\",\"url\":\"https:\/\/www.producoesacidentais.com\/\",\"name\":\"Produ\u00e7\u00f5es Acidentais\",\"description\":\"The theater is so endlessly fascinating because it&#039;s so accidental. It&#039;s so much like life. -- Arthur Miller\",\"publisher\":{\"@id\":\"https:\/\/www.producoesacidentais.com\/#organization\"},\"potentialAction\":[{\"@type\":\"SearchAction\",\"target\":{\"@type\":\"EntryPoint\",\"urlTemplate\":\"https:\/\/www.producoesacidentais.com\/?s={search_term_string}\"},\"query-input\":\"required name=search_term_string\"}],\"inLanguage\":\"en-US\"},{\"@type\":\"Organization\",\"@id\":\"https:\/\/www.producoesacidentais.com\/#organization\",\"name\":\"Produ\u00e7\u00f5es Acidentais\",\"url\":\"https:\/\/www.producoesacidentais.com\/\",\"logo\":{\"@type\":\"ImageObject\",\"inLanguage\":\"en-US\",\"@id\":\"https:\/\/www.producoesacidentais.com\/#\/schema\/logo\/image\/\",\"url\":\"https:\/\/www.producoesacidentais.com\/wp-content\/uploads\/2021\/02\/cropped-producoesacidentais_vector.png\",\"contentUrl\":\"https:\/\/www.producoesacidentais.com\/wp-content\/uploads\/2021\/02\/cropped-producoesacidentais_vector.png\",\"width\":351,\"height\":91,\"caption\":\"Produ\u00e7\u00f5es Acidentais\"},\"image\":{\"@id\":\"https:\/\/www.producoesacidentais.com\/#\/schema\/logo\/image\/\"},\"sameAs\":[\"https:\/\/www.facebook.com\/ProAcid\/\"]}]}<\/script>\n<!-- \/ Yoast SEO plugin. -->","yoast_head_json":{"title":"Porque Sim! Porque N\u00e3o! - Produ\u00e7\u00f5es Acidentais","robots":{"index":"index","follow":"follow","max-snippet":"max-snippet:-1","max-image-preview":"max-image-preview:large","max-video-preview":"max-video-preview:-1"},"canonical":"https:\/\/www.producoesacidentais.com\/espectaculos\/porque-sim-porque-nao\/","og_locale":"en_US","og_type":"article","og_title":"Porque Sim! Porque N\u00e3o! - Produ\u00e7\u00f5es Acidentais","og_description":"Porque Sim e Porque N\u00e3o s\u00e3o dois amigos insepar\u00e1veis mas com uma particularidade: nunca est\u00e3o de acordo! Ou por outra, est\u00e3o de acordo\u2026 em discordar! Se um diz preto, o outro diz branco; se um diz esquerda, o outro diz direita; se um diz para cima, o outro diz para baixo\u2026 at\u00e9 que resolvem separar-se [&hellip;]","og_url":"https:\/\/www.producoesacidentais.com\/espectaculos\/porque-sim-porque-nao\/","og_site_name":"Produ\u00e7\u00f5es Acidentais","article_publisher":"https:\/\/www.facebook.com\/ProAcid\/","article_modified_time":"2022-06-24T23:11:04+00:00","og_image":[{"url":"http:\/\/proacid.wpengine.com\/wp-content\/uploads\/2013\/09\/FrenteFlyer-271x300.png"}],"twitter_card":"summary_large_image","twitter_misc":{"Est. reading time":"3 minutes"},"schema":{"@context":"https:\/\/schema.org","@graph":[{"@type":"WebPage","@id":"https:\/\/www.producoesacidentais.com\/espectaculos\/porque-sim-porque-nao\/","url":"https:\/\/www.producoesacidentais.com\/espectaculos\/porque-sim-porque-nao\/","name":"Porque Sim! Porque N\u00e3o! - Produ\u00e7\u00f5es Acidentais","isPartOf":{"@id":"https:\/\/www.producoesacidentais.com\/#website"},"primaryImageOfPage":{"@id":"https:\/\/www.producoesacidentais.com\/espectaculos\/porque-sim-porque-nao\/#primaryimage"},"image":{"@id":"https:\/\/www.producoesacidentais.com\/espectaculos\/porque-sim-porque-nao\/#primaryimage"},"thumbnailUrl":"http:\/\/proacid.wpengine.com\/wp-content\/uploads\/2013\/09\/FrenteFlyer-271x300.png","datePublished":"2013-09-28T16:33:57+00:00","dateModified":"2022-06-24T23:11:04+00:00","breadcrumb":{"@id":"https:\/\/www.producoesacidentais.com\/espectaculos\/porque-sim-porque-nao\/#breadcrumb"},"inLanguage":"en-US","potentialAction":[{"@type":"ReadAction","target":["https:\/\/www.producoesacidentais.com\/espectaculos\/porque-sim-porque-nao\/"]}]},{"@type":"ImageObject","inLanguage":"en-US","@id":"https:\/\/www.producoesacidentais.com\/espectaculos\/porque-sim-porque-nao\/#primaryimage","url":"http:\/\/proacid.wpengine.com\/wp-content\/uploads\/2013\/09\/FrenteFlyer-271x300.png","contentUrl":"http:\/\/proacid.wpengine.com\/wp-content\/uploads\/2013\/09\/FrenteFlyer-271x300.png"},{"@type":"BreadcrumbList","@id":"https:\/\/www.producoesacidentais.com\/espectaculos\/porque-sim-porque-nao\/#breadcrumb","itemListElement":[{"@type":"ListItem","position":1,"name":"In\u00edcio","item":"https:\/\/www.producoesacidentais.com\/"},{"@type":"ListItem","position":2,"name":"espect\u00e1culos","item":"https:\/\/www.producoesacidentais.com\/espectaculos\/"},{"@type":"ListItem","position":3,"name":"Porque Sim! Porque N\u00e3o!"}]},{"@type":"WebSite","@id":"https:\/\/www.producoesacidentais.com\/#website","url":"https:\/\/www.producoesacidentais.com\/","name":"Produ\u00e7\u00f5es Acidentais","description":"The theater is so endlessly fascinating because it&#039;s so accidental. It&#039;s so much like life. -- Arthur Miller","publisher":{"@id":"https:\/\/www.producoesacidentais.com\/#organization"},"potentialAction":[{"@type":"SearchAction","target":{"@type":"EntryPoint","urlTemplate":"https:\/\/www.producoesacidentais.com\/?s={search_term_string}"},"query-input":"required name=search_term_string"}],"inLanguage":"en-US"},{"@type":"Organization","@id":"https:\/\/www.producoesacidentais.com\/#organization","name":"Produ\u00e7\u00f5es Acidentais","url":"https:\/\/www.producoesacidentais.com\/","logo":{"@type":"ImageObject","inLanguage":"en-US","@id":"https:\/\/www.producoesacidentais.com\/#\/schema\/logo\/image\/","url":"https:\/\/www.producoesacidentais.com\/wp-content\/uploads\/2021\/02\/cropped-producoesacidentais_vector.png","contentUrl":"https:\/\/www.producoesacidentais.com\/wp-content\/uploads\/2021\/02\/cropped-producoesacidentais_vector.png","width":351,"height":91,"caption":"Produ\u00e7\u00f5es Acidentais"},"image":{"@id":"https:\/\/www.producoesacidentais.com\/#\/schema\/logo\/image\/"},"sameAs":["https:\/\/www.facebook.com\/ProAcid\/"]}]}},"_links":{"self":[{"href":"https:\/\/www.producoesacidentais.com\/en\/wp-json\/wp\/v2\/pages\/30"}],"collection":[{"href":"https:\/\/www.producoesacidentais.com\/en\/wp-json\/wp\/v2\/pages"}],"about":[{"href":"https:\/\/www.producoesacidentais.com\/en\/wp-json\/wp\/v2\/types\/page"}],"author":[{"embeddable":true,"href":"https:\/\/www.producoesacidentais.com\/en\/wp-json\/wp\/v2\/users\/2"}],"replies":[{"embeddable":true,"href":"https:\/\/www.producoesacidentais.com\/en\/wp-json\/wp\/v2\/comments?post=30"}],"version-history":[{"count":1,"href":"https:\/\/www.producoesacidentais.com\/en\/wp-json\/wp\/v2\/pages\/30\/revisions"}],"predecessor-version":[{"id":238,"href":"https:\/\/www.producoesacidentais.com\/en\/wp-json\/wp\/v2\/pages\/30\/revisions\/238"}],"up":[{"embeddable":true,"href":"https:\/\/www.producoesacidentais.com\/en\/wp-json\/wp\/v2\/pages\/14"}],"wp:attachment":[{"href":"https:\/\/www.producoesacidentais.com\/en\/wp-json\/wp\/v2\/media?parent=30"}],"curies":[{"name":"wp","href":"https:\/\/api.w.org\/{rel}","templated":true}]}}