{"id":20,"date":"2013-09-28T17:25:57","date_gmt":"2013-09-28T16:25:57","guid":{"rendered":"http:\/\/proacid.wpengine.com\/?page_id=20"},"modified":"2024-12-09T12:11:58","modified_gmt":"2024-12-09T12:11:58","slug":"colaboradores","status":"publish","type":"page","link":"https:\/\/www.producoesacidentais.com\/en\/colaboradores\/","title":{"rendered":"collaborations"},"content":{"rendered":"<p>LUZIA PARAM\u00c9S<br \/>\nTrabalhou como actriz em O Bando, Comuna, Novo Grupo\/Teatro Aberto, Teatro Ib\u00e9rico, Teatro das Beiras, Companhia Teatral do Chiado, Teatro Nacional D. Maria II, Companhia de Teatro de Almada, entre outras. Fez encena\u00e7\u00f5es para O Grupo, Companhia de Teatro de Almada, Produ\u00e7\u00f5es Acidentais e v\u00e1rias produ\u00e7\u00f5es independentes. Em televis\u00e3o participou em v\u00e1rias s\u00e9ries e telenovelas. Faz trabalhos de locu\u00e7\u00e3o e dobragem e \u00e9 formadora de express\u00e3o dram\u00e1tica no projecto Mus-E.<br \/>\nJO\u00c3O VASCO HENRIQUES<br \/>\nFrequentou o curso de Artes do Espect\u00e1culo\/Interpreta\u00e7\u00e3o e Anima\u00e7\u00e3o Circenses do Chapit\u00f4. Estreou-se no Grupo de Teatro Universit\u00e1rio Vida Breve como actor e encenador, fun\u00e7\u00f5es que tamb\u00e9m desempenhou no C\u00e9nico da Incr\u00edvel Almadense e no Grupo de Teatro O Grito. Foi ainda actor e assistente de produ\u00e7\u00e3o no Teatro Extremo e no Mr. Pejo`s Wandering Dolls, de S\u00e3o Petersburgo, e tem participado como actor em v\u00e1rios espect\u00e1culos do grupo Arte P\u00fablica.<br \/>\nANDR\u00c9 PEREIRA<br \/>\nEngenheiro Inform\u00e1tico, tem colaborado em desenvolvimento de websites para particulares e organiza\u00e7\u00f5es.<br \/>\nCARLOS SILVA<br \/>\nFaz foto-reportagem, fotografia art\u00edstica, social, de moda, de teatro, de dan\u00e7a, publicidade. Tem trabalhos publicados em cat\u00e1logos, jornais e revistas portuguesas. Trabalhou ainda para institui\u00e7\u00f5es estatais, ateliers de publicidade, grupos de teatro, C\u00e2maras Municipais, etc. Coordenou na \u00faltima d\u00e9cada o N\u00facleo de Fotografia das Casas da Juventude da C\u00e2mara Municipal de Almada. Entre colectivas e individuais participou em cerca de 50 exposi\u00e7\u00f5es.<br \/>\nF\u00c1TIMA FERNANDEZ<br \/>\nBailarina de flamenco e dan\u00e7as orientais, a sua forma\u00e7\u00e3o passa por Fran\u00e7a, Alemanha, Egipto e Espanha, onde reside de 2002 a 2010. Participa em v\u00e1rios festivais internacionais, tendo sido premiada no festival de dan\u00e7a oriental no L\u00edbano. \u00c9 bailarina profissional em Espanha, tendo actuado tamb\u00e9m em Portugal, Fran\u00e7a, Jap\u00e3o e Alemanha, pa\u00edses onde tamb\u00e9m lecciona dan\u00e7a regularmente.<br \/>\nMANUEL MENDES<br \/>\nEstreou-se sob a direc\u00e7\u00e3o de Ribeirinho no Teatro Laura Alves, tendo tamb\u00e9m trabalhado no Teatro Maria Matos, no Grupo de Teatro Hoje-Teatro da Gra\u00e7a, no Teatro das Beiras e, de 1996 a 2010, na Companhia Teatral do Chiado, onde tamb\u00e9m encenou espect\u00e1culos para a inf\u00e2ncia. Participou em v\u00e1rias produ\u00e7\u00f5es para cinema e televis\u00e3o. Faz regularmente locu\u00e7\u00e3o e dobragem de anima\u00e7\u00e3o.<br \/>\nANDR\u00c9 LETRIA<br \/>\nIlustrador de livros para crian\u00e7as, ganhou v\u00e1rios pr\u00e9mios, como o Pr\u00e9mio Nacional de Ilustra\u00e7\u00e3o, o Pr\u00e9mio Gulbenkian e um Award of Exellence for Illustration, atribu\u00eddo pela Society for News Design (EUA). Trabalhou como cen\u00f3grafo para a Companhia Teatral do Chiado. Realizou a curta-metragem \u201cZ\u00e9 Pimp\u00e3o, o Acelera\u201d, baseada no livro de Jos\u00e9 Jorge Letria, que ganhou o pr\u00e9mio Melhor Filme Portugu\u00eas no Festival Animatu 2007. Realizou e escreveu a s\u00e9rie de anima\u00e7\u00e3o Foxy &amp; Meg, baseada numa colec\u00e7\u00e3o de livros com o mesmo nome.<br \/>\nPAULA CARETO<br \/>\nFormada em Dan\u00e7a Cl\u00e1ssica, Contempor\u00e2nea e Jazz, foi bailarina no Grupo de Dan\u00e7a &#8220;7\u00aa Posi\u00e7\u00e3o&#8221;, tendo actuado na Gulbenkian, Culturgest, S. Luiz, S. Carlos, Coliseu, Maria Matos, Aula Magna e Tivoli e ainda na Holanda, Alemanha e Pol\u00f3nia. Como core\u00f3grafa foi premiada na B\u00e9lgica, SINTR&#8217;ARTES e em Barcelona. Coreografou in\u00fameros bailados e trabalha regularmente com Benvindo Fonseca e ainda com o Grupo de Teatro &#8220;O Bando&#8221;. \u00c9 professora de Dan\u00e7a Contempor\u00e2nea e Jazz em Portugal e Espanha.<br \/>\nGON\u00c7ALO PRATAS<br \/>\nFrequentou o curso de \u00c1udio da Orquestra Metropolitana de Lisboa. Como compositor para teatro e cinema, trabalhou com Jos\u00e9 Carretas, Companhia Teatral do Chiado, Chapit\u00f4, A.s. Produ\u00e7\u00f5es, etc. Foi autor, director e produtor musical do projecto \u201cBuscap\u00f3los\u201d, dos projectos para crian\u00e7as do jornal Expresso, e s\u00e3o suas as m\u00fasicas do Livro CD &#8220;Canta o Galo Gordo&#8221;. \u00c9 tamb\u00e9m professor de m\u00fasica.<br \/>\nIN\u00caS PUPO<br \/>\nPsic\u00f3loga e psicoterapeuta, trabalha tamb\u00e9m na \u00e1rea da tradu\u00e7\u00e3o, da literatura infantil e juvenil e da poesia. Organizou a antologia de poesia 101 Poetas, da Editorial Caminho, em 2007. Participou no projecto \u201cBuscap\u00f3los\u201d e \u00e9 autora dos poemas dos projectos para crian\u00e7as do jornal Expresso.<br \/>\nVASCO LETRIA<br \/>\nFormado pela ETIC \u00e9, desde 1998, t\u00e9cnico de ilumina\u00e7\u00e3o da banda &#8220;UHF&#8221;. Foi durante cerca de 10 anos Director T\u00e9cnico da Companhia Teatral do Chiado. Tem colaborado com v\u00e1rios encenadores no desenho de luz dos seus espect\u00e1culos.<br \/>\nALICE ROLO<br \/>\nTem o Curso de Design de Moda do IADE. Foi a respons\u00e1vel pela execu\u00e7\u00e3o de figurinos do Colectivo Teatro O Grupo desde 1994, bem como do teatro de marionetas Os Pipapapas. Desde 1995 colabora regularmente com o Teatro Extremo criando e executando figurinos.<br \/>\nDIOGO C\u00c3O<br \/>\nLicenciado em teatro na ESAD, concluiu o est\u00e1gio curricular nos Artistas Unidos. Participou em v\u00e1rias curtas-metragens e na longa \u201cCampo de Zombies\u201d, realizado por Fernando Sim\u00f5es. Em teatro trabalhou com Jo\u00e3o Garcia Miguel, Diogo D\u00f3ria, Jos\u00e9 Eduardo Rocha e Jorge Silva Melo e participou em performances dirigidas por Willi Doner e pelo grupo La Fura Del Baus.<br \/>\nPAULA ANTUNES<br \/>\nFrequentou cursos com Filipe Crawford, Marcantonio DelCarlo e Jos\u00e9 Peixoto, e na MOVEO-Escuela Internacional de Mimo de Barcelona, tendo estagiado na Lap\u00f3nia. Colaborou em v\u00e1rias produ\u00e7\u00f5es do Farpas Teatro, do Grupo Teatro de Letras e da escola In Impetus e em s\u00e9ries para televis\u00e3o.<br \/>\nMARCO TRINDADE<br \/>\nFormado pela ACT, estagiou na Companhia de Teatro de Almada. Em teatro trabalhou com Joaquim Benite, Dmitry Bomogolov, Jean-Paul Bucchieri, Jos\u00e9 Ramalho, Ant\u00f3nio Pires, Jorge Silva Melo. Participou na curta-metragem A Heran\u00e7a, de Aloyzyo Filho.<br \/>\nMADALENA M\u00c2NTUA<br \/>\nFez o Curso de Forma\u00e7\u00e3o de Actores da ACT e o Curso de Musical da EDSAE. Trabalhou com os encenadores Ant\u00f3nio Pires, Rui Lu\u00eds Br\u00e1s e Jean Paul Bucchieri. No cinema participou em Nice Trip Bar, de Marie Brand.<br \/>\nPAULO GUERREIRO<br \/>\nEstreou-se na Companhia de Teatro de Almada, com a qual tem colaborado recentemente, tendo trabalhado ainda no Grupo Zephyro, O Bando, Teatro Extremo e em produ\u00e7\u00f5es para televis\u00e3o. Fez dobragem de novelas e s\u00e9ries de anima\u00e7\u00e3o e forma\u00e7\u00e3o em express\u00e3o dram\u00e1tica para crian\u00e7as.<br \/>\nBIBI GOMES<br \/>\nEstreou-se na Companhia de Teatro de Almada, tendo depois passado pelo Bando, Teatro de Objectos, Arte P\u00fablica, Teatro Nacional D. Maria II e, actualmente, Teatro Extremo. Foi coordenadora do FIAR, em Palmela, e da \u201cPeregrina\u00e7\u00e3o\u201d, na Expo 98. Para televis\u00e3o participou em s\u00e9ries e telenovelas. Dirige oficinas de express\u00e3o dram\u00e1tica para crian\u00e7as.<br \/>\nANT\u00d3NIO CARVALHO<br \/>\nTrabalhou como actor em companhias como a Comuna, O Bando, Teatro das Beiras, Teatro Meridional, Teatro Extremo, Arte P\u00fablica e Teatro de Objectos. Fez encena\u00e7\u00f5es para grupos amadores e universit\u00e1rios. Tem dirigido workshops de teatro e \u00e9 autor de espect\u00e1culos de caf\u00e9-teatro.<br \/>\nANA L\u00cdDIA<br \/>\nActriz com forma\u00e7\u00e3o no Chapit\u00f4 e na Escola de Forma\u00e7\u00e3o Teatral do CENDREV, trabalhou com o Teatro Extremo, o GICC, da Covilh\u00e2 e a Cortina de Ferro.LUZIA PARAM\u00c9S<br \/>\nTrabalhou como actriz em O Bando, Comuna, Novo Grupo\/Teatro Aberto, Teatro Ib\u00e9rico, Teatro das Beiras, Companhia Teatral do Chiado, Teatro Nacional D. Maria II, Companhia de Teatro de Almada, entre outras. Fez encena\u00e7\u00f5es para O Grupo, Companhia de Teatro de Almada, Produ\u00e7\u00f5es Acidentais e v\u00e1rias produ\u00e7\u00f5es independentes. Em televis\u00e3o participou em v\u00e1rias s\u00e9ries e telenovelas. Faz trabalhos de locu\u00e7\u00e3o e dobragem e \u00e9 formadora de express\u00e3o dram\u00e1tica no projecto Mus-E.<br \/>\nJO\u00c3O VASCO HENRIQUES<br \/>\nFrequentou o curso de Artes do Espect\u00e1culo\/Interpreta\u00e7\u00e3o e Anima\u00e7\u00e3o Circenses do Chapit\u00f4. Estreou-se no Grupo de Teatro Universit\u00e1rio Vida Breve como actor e encenador, fun\u00e7\u00f5es que tamb\u00e9m desempenhou no C\u00e9nico da Incr\u00edvel Almadense e no Grupo de Teatro O Grito. Foi ainda actor e assistente de produ\u00e7\u00e3o no Teatro Extremo e no Mr. Pejo`s Wandering Dolls, de S\u00e3o Petersburgo, e tem participado como actor em v\u00e1rios espect\u00e1culos do grupo Arte P\u00fablica.<br \/>\nANDR\u00c9 PEREIRA<br \/>\nEngenheiro Inform\u00e1tico, tem colaborado em desenvolvimento de websites para particulares e organiza\u00e7\u00f5es.<br \/>\nCARLOS SILVA<br \/>\nFaz foto-reportagem, fotografia art\u00edstica, social, de moda, de teatro, de dan\u00e7a, publicidade. Tem trabalhos publicados em cat\u00e1logos, jornais e revistas portuguesas. Trabalhou ainda para institui\u00e7\u00f5es estatais, ateliers de publicidade, grupos de teatro, C\u00e2maras Municipais, etc. Coordenou na \u00faltima d\u00e9cada o N\u00facleo de Fotografia das Casas da Juventude da C\u00e2mara Municipal de Almada. Entre colectivas e individuais participou em cerca de 50 exposi\u00e7\u00f5es.<br \/>\nF\u00c1TIMA FERNANDEZ<br \/>\nBailarina de flamenco e dan\u00e7as orientais, a sua forma\u00e7\u00e3o passa por Fran\u00e7a, Alemanha, Egipto e Espanha, onde reside de 2002 a 2010. Participa em v\u00e1rios festivais internacionais, tendo sido premiada no festival de dan\u00e7a oriental no L\u00edbano. \u00c9 bailarina profissional em Espanha, tendo actuado tamb\u00e9m em Portugal, Fran\u00e7a, Jap\u00e3o e Alemanha, pa\u00edses onde tamb\u00e9m lecciona dan\u00e7a regularmente.<br \/>\nMANUEL MENDES<br \/>\nEstreou-se sob a direc\u00e7\u00e3o de Ribeirinho no Teatro Laura Alves, tendo tamb\u00e9m trabalhado no Teatro Maria Matos, no Grupo de Teatro Hoje-Teatro da Gra\u00e7a, no Teatro das Beiras e, de 1996 a 2010, na Companhia Teatral do Chiado, onde tamb\u00e9m encenou espect\u00e1culos para a inf\u00e2ncia. Participou em v\u00e1rias produ\u00e7\u00f5es para cinema e televis\u00e3o. Faz regularmente locu\u00e7\u00e3o e dobragem de anima\u00e7\u00e3o.<br \/>\nANDR\u00c9 LETRIA<br \/>\nIlustrador de livros para crian\u00e7as, ganhou v\u00e1rios pr\u00e9mios, como o Pr\u00e9mio Nacional de Ilustra\u00e7\u00e3o, o Pr\u00e9mio Gulbenkian e um Award of Exellence for Illustration, atribu\u00eddo pela Society for News Design (EUA). Trabalhou como cen\u00f3grafo para a Companhia Teatral do Chiado. Realizou a curta-metragem \u201cZ\u00e9 Pimp\u00e3o, o Acelera\u201d, baseada no livro de Jos\u00e9 Jorge Letria, que ganhou o pr\u00e9mio Melhor Filme Portugu\u00eas no Festival Animatu 2007. Realizou e escreveu a s\u00e9rie de anima\u00e7\u00e3o Foxy &amp; Meg, baseada numa colec\u00e7\u00e3o de livros com o mesmo nome.<br \/>\nPAULA CARETO<br \/>\nFormada em Dan\u00e7a Cl\u00e1ssica, Contempor\u00e2nea e Jazz, foi bailarina no Grupo de Dan\u00e7a &#8220;7\u00aa Posi\u00e7\u00e3o&#8221;, tendo actuado na Gulbenkian, Culturgest, S. Luiz, S. Carlos, Coliseu, Maria Matos, Aula Magna e Tivoli e ainda na Holanda, Alemanha e Pol\u00f3nia. Como core\u00f3grafa foi premiada na B\u00e9lgica, SINTR&#8217;ARTES e em Barcelona. Coreografou in\u00fameros bailados e trabalha regularmente com Benvindo Fonseca e ainda com o Grupo de Teatro &#8220;O Bando&#8221;. \u00c9 professora de Dan\u00e7a Contempor\u00e2nea e Jazz em Portugal e Espanha.<br \/>\nGON\u00c7ALO PRATAS<br \/>\nFrequentou o curso de \u00c1udio da Orquestra Metropolitana de Lisboa. Como compositor para teatro e cinema, trabalhou com Jos\u00e9 Carretas, Companhia Teatral do Chiado, Chapit\u00f4, A.s. Produ\u00e7\u00f5es, etc. Foi autor, director e produtor musical do projecto \u201cBuscap\u00f3los\u201d, dos projectos para crian\u00e7as do jornal Expresso, e s\u00e3o suas as m\u00fasicas do Livro CD &#8220;Canta o Galo Gordo&#8221;. \u00c9 tamb\u00e9m professor de m\u00fasica.<br \/>\nIN\u00caS PUPO<br \/>\nPsic\u00f3loga e psicoterapeuta, trabalha tamb\u00e9m na \u00e1rea da tradu\u00e7\u00e3o, da literatura infantil e juvenil e da poesia. Organizou a antologia de poesia 101 Poetas, da Editorial Caminho, em 2007. Participou no projecto \u201cBuscap\u00f3los\u201d e \u00e9 autora dos poemas dos projectos para crian\u00e7as do jornal Expresso.<br \/>\nVASCO LETRIA<br \/>\nFormado pela ETIC \u00e9, desde 1998, t\u00e9cnico de ilumina\u00e7\u00e3o da banda &#8220;UHF&#8221;. Foi durante cerca de 10 anos Director T\u00e9cnico da Companhia Teatral do Chiado. Tem colaborado com v\u00e1rios encenadores no desenho de luz dos seus espect\u00e1culos.<br \/>\nALICE ROLO<br \/>\nTem o Curso de Design de Moda do IADE. Foi a respons\u00e1vel pela execu\u00e7\u00e3o de figurinos do Colectivo Teatro O Grupo desde 1994, bem como do teatro de marionetas Os Pipapapas. Desde 1995 colabora regularmente com o Teatro Extremo criando e executando figurinos.<br \/>\nDIOGO C\u00c3O<br \/>\nLicenciado em teatro na ESAD, concluiu o est\u00e1gio curricular nos Artistas Unidos. Participou em v\u00e1rias curtas-metragens e na longa \u201cCampo de Zombies\u201d, realizado por Fernando Sim\u00f5es. Em teatro trabalhou com Jo\u00e3o Garcia Miguel, Diogo D\u00f3ria, Jos\u00e9 Eduardo Rocha e Jorge Silva Melo e participou em performances dirigidas por Willi Doner e pelo grupo La Fura Del Baus.<br \/>\nPAULA ANTUNES<br \/>\nFrequentou cursos com Filipe Crawford, Marcantonio DelCarlo e Jos\u00e9 Peixoto, e na MOVEO-Escuela Internacional de Mimo de Barcelona, tendo estagiado na Lap\u00f3nia. Colaborou em v\u00e1rias produ\u00e7\u00f5es do Farpas Teatro, do Grupo Teatro de Letras e da escola In Impetus e em s\u00e9ries para televis\u00e3o.<br \/>\nMARCO TRINDADE<br \/>\nFormado pela ACT, estagiou na Companhia de Teatro de Almada. Em teatro trabalhou com Joaquim Benite, Dmitry Bomogolov, Jean-Paul Bucchieri, Jos\u00e9 Ramalho, Ant\u00f3nio Pires, Jorge Silva Melo. Participou na curta-metragem A Heran\u00e7a, de Aloyzyo Filho.<br \/>\nMADALENA M\u00c2NTUA<br \/>\nFez o Curso de Forma\u00e7\u00e3o de Actores da ACT e o Curso de Musical da EDSAE. Trabalhou com os encenadores Ant\u00f3nio Pires, Rui Lu\u00eds Br\u00e1s e Jean Paul Bucchieri. No cinema participou em Nice Trip Bar, de Marie Brand.<br \/>\nPAULO GUERREIRO<br \/>\nEstreou-se na Companhia de Teatro de Almada, com a qual tem colaborado recentemente, tendo trabalhado ainda no Grupo Zephyro, O Bando, Teatro Extremo e em produ\u00e7\u00f5es para televis\u00e3o. Fez dobragem de novelas e s\u00e9ries de anima\u00e7\u00e3o e forma\u00e7\u00e3o em express\u00e3o dram\u00e1tica para crian\u00e7as.<br \/>\nBIBI GOMES<br \/>\nEstreou-se na Companhia de Teatro de Almada, tendo depois passado pelo Bando, Teatro de Objectos, Arte P\u00fablica, Teatro Nacional D. Maria II e, actualmente, Teatro Extremo. Foi coordenadora do FIAR, em Palmela, e da \u201cPeregrina\u00e7\u00e3o\u201d, na Expo 98. Para televis\u00e3o participou em s\u00e9ries e telenovelas. Dirige oficinas de express\u00e3o dram\u00e1tica para crian\u00e7as.<br \/>\nANT\u00d3NIO CARVALHO<br \/>\nTrabalhou como actor em companhias como a Comuna, O Bando, Teatro das Beiras, Teatro Meridional, Teatro Extremo, Arte P\u00fablica e Teatro de Objectos. Fez encena\u00e7\u00f5es para grupos amadores e universit\u00e1rios. Tem dirigido workshops de teatro e \u00e9 autor de espect\u00e1culos de caf\u00e9-teatro.<br \/>\nANA L\u00cdDIA<br \/>\nActriz com forma\u00e7\u00e3o no Chapit\u00f4 e na Escola de Forma\u00e7\u00e3o Teatral do CENDREV, trabalhou com o Teatro Extremo, o GICC, da Covilh\u00e2 e a Cortina de Ferro.<\/p>","protected":false},"excerpt":{"rendered":"<p>LUZIA PARAM\u00c9S Trabalhou como actriz em O Bando, Comuna, Novo Grupo\/Teatro Aberto, Teatro Ib\u00e9rico, Teatro das Beiras, Companhia Teatral do Chiado, Teatro Nacional D. Maria II, Companhia de Teatro de Almada, entre outras. Fez encena\u00e7\u00f5es para O Grupo, Companhia de Teatro de Almada, Produ\u00e7\u00f5es Acidentais e v\u00e1rias produ\u00e7\u00f5es independentes. Em televis\u00e3o participou em v\u00e1rias s\u00e9ries [&hellip;]<\/p>\n","protected":false},"author":2,"featured_media":0,"parent":0,"menu_order":0,"comment_status":"closed","ping_status":"closed","template":"","meta":{"ngg_post_thumbnail":0,"footnotes":""},"yoast_head":"<!-- This site is optimized with the Yoast SEO plugin v22.3 - https:\/\/yoast.com\/wordpress\/plugins\/seo\/ -->\n<title>collaborations - Produ\u00e7\u00f5es Acidentais<\/title>\n<meta name=\"robots\" content=\"index, follow, max-snippet:-1, max-image-preview:large, max-video-preview:-1\" \/>\n<link rel=\"canonical\" href=\"https:\/\/www.producoesacidentais.com\/colaboradores\/\" \/>\n<meta property=\"og:locale\" content=\"en_US\" \/>\n<meta property=\"og:type\" content=\"article\" \/>\n<meta property=\"og:title\" content=\"[:pt]as\/os acidentais[:en]collaborations[:] - Produ\u00e7\u00f5es Acidentais\" \/>\n<meta property=\"og:description\" content=\"LUZIA PARAM\u00c9S Trabalhou como actriz em O Bando, Comuna, Novo Grupo\/Teatro Aberto, Teatro Ib\u00e9rico, Teatro das Beiras, Companhia Teatral do Chiado, Teatro Nacional D. Maria II, Companhia de Teatro de Almada, entre outras. Fez encena\u00e7\u00f5es para O Grupo, Companhia de Teatro de Almada, Produ\u00e7\u00f5es Acidentais e v\u00e1rias produ\u00e7\u00f5es independentes. Em televis\u00e3o participou em v\u00e1rias s\u00e9ries [&hellip;]\" \/>\n<meta property=\"og:url\" content=\"https:\/\/www.producoesacidentais.com\/colaboradores\/\" \/>\n<meta property=\"og:site_name\" content=\"Produ\u00e7\u00f5es Acidentais\" \/>\n<meta property=\"article:publisher\" content=\"https:\/\/www.facebook.com\/ProAcid\/\" \/>\n<meta property=\"article:modified_time\" content=\"2024-12-09T12:11:58+00:00\" \/>\n<meta name=\"twitter:card\" content=\"summary_large_image\" \/>\n<meta name=\"twitter:label1\" content=\"Est. reading time\" \/>\n\t<meta name=\"twitter:data1\" content=\"16 minutes\" \/>\n<script type=\"application\/ld+json\" class=\"yoast-schema-graph\">{\"@context\":\"https:\/\/schema.org\",\"@graph\":[{\"@type\":\"WebPage\",\"@id\":\"https:\/\/www.producoesacidentais.com\/colaboradores\/\",\"url\":\"https:\/\/www.producoesacidentais.com\/colaboradores\/\",\"name\":\"[:pt]as\/os acidentais[:en]collaborations[:] - Produ\u00e7\u00f5es Acidentais\",\"isPartOf\":{\"@id\":\"https:\/\/www.producoesacidentais.com\/#website\"},\"datePublished\":\"2013-09-28T16:25:57+00:00\",\"dateModified\":\"2024-12-09T12:11:58+00:00\",\"breadcrumb\":{\"@id\":\"https:\/\/www.producoesacidentais.com\/colaboradores\/#breadcrumb\"},\"inLanguage\":\"en-US\",\"potentialAction\":[{\"@type\":\"ReadAction\",\"target\":[\"https:\/\/www.producoesacidentais.com\/colaboradores\/\"]}]},{\"@type\":\"BreadcrumbList\",\"@id\":\"https:\/\/www.producoesacidentais.com\/colaboradores\/#breadcrumb\",\"itemListElement\":[{\"@type\":\"ListItem\",\"position\":1,\"name\":\"In\u00edcio\",\"item\":\"https:\/\/www.producoesacidentais.com\/\"},{\"@type\":\"ListItem\",\"position\":2,\"name\":\"collaborations\"}]},{\"@type\":\"WebSite\",\"@id\":\"https:\/\/www.producoesacidentais.com\/#website\",\"url\":\"https:\/\/www.producoesacidentais.com\/\",\"name\":\"Produ\u00e7\u00f5es Acidentais\",\"description\":\"The theater is so endlessly fascinating because it&#039;s so accidental. It&#039;s so much like life. -- Arthur Miller\",\"publisher\":{\"@id\":\"https:\/\/www.producoesacidentais.com\/#organization\"},\"potentialAction\":[{\"@type\":\"SearchAction\",\"target\":{\"@type\":\"EntryPoint\",\"urlTemplate\":\"https:\/\/www.producoesacidentais.com\/?s={search_term_string}\"},\"query-input\":\"required name=search_term_string\"}],\"inLanguage\":\"en-US\"},{\"@type\":\"Organization\",\"@id\":\"https:\/\/www.producoesacidentais.com\/#organization\",\"name\":\"Produ\u00e7\u00f5es Acidentais\",\"url\":\"https:\/\/www.producoesacidentais.com\/\",\"logo\":{\"@type\":\"ImageObject\",\"inLanguage\":\"en-US\",\"@id\":\"https:\/\/www.producoesacidentais.com\/#\/schema\/logo\/image\/\",\"url\":\"https:\/\/www.producoesacidentais.com\/wp-content\/uploads\/2021\/02\/cropped-producoesacidentais_vector.png\",\"contentUrl\":\"https:\/\/www.producoesacidentais.com\/wp-content\/uploads\/2021\/02\/cropped-producoesacidentais_vector.png\",\"width\":351,\"height\":91,\"caption\":\"Produ\u00e7\u00f5es Acidentais\"},\"image\":{\"@id\":\"https:\/\/www.producoesacidentais.com\/#\/schema\/logo\/image\/\"},\"sameAs\":[\"https:\/\/www.facebook.com\/ProAcid\/\"]}]}<\/script>\n<!-- \/ Yoast SEO plugin. -->","yoast_head_json":{"title":"[:pt]as\/os acidentais[:en]collaborations[:] - Produ\u00e7\u00f5es Acidentais","robots":{"index":"index","follow":"follow","max-snippet":"max-snippet:-1","max-image-preview":"max-image-preview:large","max-video-preview":"max-video-preview:-1"},"canonical":"https:\/\/www.producoesacidentais.com\/colaboradores\/","og_locale":"en_US","og_type":"article","og_title":"[:pt]as\/os acidentais[:en]collaborations[:] - Produ\u00e7\u00f5es Acidentais","og_description":"LUZIA PARAM\u00c9S Trabalhou como actriz em O Bando, Comuna, Novo Grupo\/Teatro Aberto, Teatro Ib\u00e9rico, Teatro das Beiras, Companhia Teatral do Chiado, Teatro Nacional D. Maria II, Companhia de Teatro de Almada, entre outras. Fez encena\u00e7\u00f5es para O Grupo, Companhia de Teatro de Almada, Produ\u00e7\u00f5es Acidentais e v\u00e1rias produ\u00e7\u00f5es independentes. Em televis\u00e3o participou em v\u00e1rias s\u00e9ries [&hellip;]","og_url":"https:\/\/www.producoesacidentais.com\/colaboradores\/","og_site_name":"Produ\u00e7\u00f5es Acidentais","article_publisher":"https:\/\/www.facebook.com\/ProAcid\/","article_modified_time":"2024-12-09T12:11:58+00:00","twitter_card":"summary_large_image","twitter_misc":{"Est. reading time":"16 minutes"},"schema":{"@context":"https:\/\/schema.org","@graph":[{"@type":"WebPage","@id":"https:\/\/www.producoesacidentais.com\/colaboradores\/","url":"https:\/\/www.producoesacidentais.com\/colaboradores\/","name":"[:pt]as\/os acidentais[:en]collaborations[:] - Produ\u00e7\u00f5es Acidentais","isPartOf":{"@id":"https:\/\/www.producoesacidentais.com\/#website"},"datePublished":"2013-09-28T16:25:57+00:00","dateModified":"2024-12-09T12:11:58+00:00","breadcrumb":{"@id":"https:\/\/www.producoesacidentais.com\/colaboradores\/#breadcrumb"},"inLanguage":"en-US","potentialAction":[{"@type":"ReadAction","target":["https:\/\/www.producoesacidentais.com\/colaboradores\/"]}]},{"@type":"BreadcrumbList","@id":"https:\/\/www.producoesacidentais.com\/colaboradores\/#breadcrumb","itemListElement":[{"@type":"ListItem","position":1,"name":"In\u00edcio","item":"https:\/\/www.producoesacidentais.com\/"},{"@type":"ListItem","position":2,"name":"collaborations"}]},{"@type":"WebSite","@id":"https:\/\/www.producoesacidentais.com\/#website","url":"https:\/\/www.producoesacidentais.com\/","name":"Produ\u00e7\u00f5es Acidentais","description":"The theater is so endlessly fascinating because it&#039;s so accidental. It&#039;s so much like life. -- Arthur Miller","publisher":{"@id":"https:\/\/www.producoesacidentais.com\/#organization"},"potentialAction":[{"@type":"SearchAction","target":{"@type":"EntryPoint","urlTemplate":"https:\/\/www.producoesacidentais.com\/?s={search_term_string}"},"query-input":"required name=search_term_string"}],"inLanguage":"en-US"},{"@type":"Organization","@id":"https:\/\/www.producoesacidentais.com\/#organization","name":"Produ\u00e7\u00f5es Acidentais","url":"https:\/\/www.producoesacidentais.com\/","logo":{"@type":"ImageObject","inLanguage":"en-US","@id":"https:\/\/www.producoesacidentais.com\/#\/schema\/logo\/image\/","url":"https:\/\/www.producoesacidentais.com\/wp-content\/uploads\/2021\/02\/cropped-producoesacidentais_vector.png","contentUrl":"https:\/\/www.producoesacidentais.com\/wp-content\/uploads\/2021\/02\/cropped-producoesacidentais_vector.png","width":351,"height":91,"caption":"Produ\u00e7\u00f5es Acidentais"},"image":{"@id":"https:\/\/www.producoesacidentais.com\/#\/schema\/logo\/image\/"},"sameAs":["https:\/\/www.facebook.com\/ProAcid\/"]}]}},"_links":{"self":[{"href":"https:\/\/www.producoesacidentais.com\/en\/wp-json\/wp\/v2\/pages\/20"}],"collection":[{"href":"https:\/\/www.producoesacidentais.com\/en\/wp-json\/wp\/v2\/pages"}],"about":[{"href":"https:\/\/www.producoesacidentais.com\/en\/wp-json\/wp\/v2\/types\/page"}],"author":[{"embeddable":true,"href":"https:\/\/www.producoesacidentais.com\/en\/wp-json\/wp\/v2\/users\/2"}],"replies":[{"embeddable":true,"href":"https:\/\/www.producoesacidentais.com\/en\/wp-json\/wp\/v2\/comments?post=20"}],"version-history":[{"count":3,"href":"https:\/\/www.producoesacidentais.com\/en\/wp-json\/wp\/v2\/pages\/20\/revisions"}],"predecessor-version":[{"id":169,"href":"https:\/\/www.producoesacidentais.com\/en\/wp-json\/wp\/v2\/pages\/20\/revisions\/169"}],"wp:attachment":[{"href":"https:\/\/www.producoesacidentais.com\/en\/wp-json\/wp\/v2\/media?parent=20"}],"curies":[{"name":"wp","href":"https:\/\/api.w.org\/{rel}","templated":true}]}}