{"id":14,"date":"2013-09-28T17:22:35","date_gmt":"2013-09-28T16:22:35","guid":{"rendered":"http:\/\/proacid.wpengine.com\/?page_id=14"},"modified":"2022-06-25T00:11:18","modified_gmt":"2022-06-24T23:11:18","slug":"espectaculos","status":"publish","type":"page","link":"https:\/\/www.producoesacidentais.com\/en\/espectaculos\/","title":{"rendered":"shows"},"content":{"rendered":"","protected":false},"excerpt":{"rendered":"","protected":false},"author":2,"featured_media":0,"parent":0,"menu_order":0,"comment_status":"closed","ping_status":"open","template":"","meta":{"ngg_post_thumbnail":0,"footnotes":""},"yoast_head":"<!-- This site is optimized with the Yoast SEO plugin v22.3 - https:\/\/yoast.com\/wordpress\/plugins\/seo\/ -->\n<title>shows - Produ\u00e7\u00f5es Acidentais<\/title>\n<meta name=\"robots\" content=\"index, follow, max-snippet:-1, max-image-preview:large, max-video-preview:-1\" \/>\n<link rel=\"canonical\" href=\"https:\/\/www.producoesacidentais.com\/espectaculos\/\" \/>\n<meta property=\"og:locale\" content=\"en_US\" \/>\n<meta property=\"og:type\" content=\"article\" \/>\n<meta property=\"og:title\" content=\"[:pt]espect\u00e1culos[:en]shows[:] - Produ\u00e7\u00f5es Acidentais\" \/>\n<meta property=\"og:url\" content=\"https:\/\/www.producoesacidentais.com\/espectaculos\/\" \/>\n<meta property=\"og:site_name\" content=\"Produ\u00e7\u00f5es Acidentais\" \/>\n<meta property=\"article:publisher\" content=\"https:\/\/www.facebook.com\/ProAcid\/\" \/>\n<meta property=\"article:modified_time\" content=\"2022-06-24T23:11:18+00:00\" \/>\n<meta name=\"twitter:card\" content=\"summary_large_image\" \/>\n<script type=\"application\/ld+json\" class=\"yoast-schema-graph\">{\"@context\":\"https:\/\/schema.org\",\"@graph\":[{\"@type\":\"WebPage\",\"@id\":\"https:\/\/www.producoesacidentais.com\/espectaculos\/\",\"url\":\"https:\/\/www.producoesacidentais.com\/espectaculos\/\",\"name\":\"[:pt]espect\u00e1culos[:en]shows[:] - Produ\u00e7\u00f5es Acidentais\",\"isPartOf\":{\"@id\":\"https:\/\/www.producoesacidentais.com\/#website\"},\"datePublished\":\"2013-09-28T16:22:35+00:00\",\"dateModified\":\"2022-06-24T23:11:18+00:00\",\"breadcrumb\":{\"@id\":\"https:\/\/www.producoesacidentais.com\/espectaculos\/#breadcrumb\"},\"inLanguage\":\"en-US\",\"potentialAction\":[{\"@type\":\"ReadAction\",\"target\":[\"https:\/\/www.producoesacidentais.com\/espectaculos\/\"]}]},{\"@type\":\"BreadcrumbList\",\"@id\":\"https:\/\/www.producoesacidentais.com\/espectaculos\/#breadcrumb\",\"itemListElement\":[{\"@type\":\"ListItem\",\"position\":1,\"name\":\"In\u00edcio\",\"item\":\"https:\/\/www.producoesacidentais.com\/\"},{\"@type\":\"ListItem\",\"position\":2,\"name\":\"espect\u00e1culos\"}]},{\"@type\":\"WebSite\",\"@id\":\"https:\/\/www.producoesacidentais.com\/#website\",\"url\":\"https:\/\/www.producoesacidentais.com\/\",\"name\":\"Produ\u00e7\u00f5es Acidentais\",\"description\":\"The theater is so endlessly fascinating because it&#039;s so accidental. It&#039;s so much like life. -- Arthur Miller\",\"publisher\":{\"@id\":\"https:\/\/www.producoesacidentais.com\/#organization\"},\"potentialAction\":[{\"@type\":\"SearchAction\",\"target\":{\"@type\":\"EntryPoint\",\"urlTemplate\":\"https:\/\/www.producoesacidentais.com\/?s={search_term_string}\"},\"query-input\":\"required name=search_term_string\"}],\"inLanguage\":\"en-US\"},{\"@type\":\"Organization\",\"@id\":\"https:\/\/www.producoesacidentais.com\/#organization\",\"name\":\"Produ\u00e7\u00f5es Acidentais\",\"url\":\"https:\/\/www.producoesacidentais.com\/\",\"logo\":{\"@type\":\"ImageObject\",\"inLanguage\":\"en-US\",\"@id\":\"https:\/\/www.producoesacidentais.com\/#\/schema\/logo\/image\/\",\"url\":\"https:\/\/www.producoesacidentais.com\/wp-content\/uploads\/2021\/02\/cropped-producoesacidentais_vector.png\",\"contentUrl\":\"https:\/\/www.producoesacidentais.com\/wp-content\/uploads\/2021\/02\/cropped-producoesacidentais_vector.png\",\"width\":351,\"height\":91,\"caption\":\"Produ\u00e7\u00f5es Acidentais\"},\"image\":{\"@id\":\"https:\/\/www.producoesacidentais.com\/#\/schema\/logo\/image\/\"},\"sameAs\":[\"https:\/\/www.facebook.com\/ProAcid\/\"]}]}<\/script>\n<!-- \/ Yoast SEO plugin. -->","yoast_head_json":{"title":"[:pt]espect\u00e1culos[:en]shows[:] - Produ\u00e7\u00f5es Acidentais","robots":{"index":"index","follow":"follow","max-snippet":"max-snippet:-1","max-image-preview":"max-image-preview:large","max-video-preview":"max-video-preview:-1"},"canonical":"https:\/\/www.producoesacidentais.com\/espectaculos\/","og_locale":"en_US","og_type":"article","og_title":"[:pt]espect\u00e1culos[:en]shows[:] - Produ\u00e7\u00f5es Acidentais","og_url":"https:\/\/www.producoesacidentais.com\/espectaculos\/","og_site_name":"Produ\u00e7\u00f5es Acidentais","article_publisher":"https:\/\/www.facebook.com\/ProAcid\/","article_modified_time":"2022-06-24T23:11:18+00:00","twitter_card":"summary_large_image","schema":{"@context":"https:\/\/schema.org","@graph":[{"@type":"WebPage","@id":"https:\/\/www.producoesacidentais.com\/espectaculos\/","url":"https:\/\/www.producoesacidentais.com\/espectaculos\/","name":"[:pt]espect\u00e1culos[:en]shows[:] - Produ\u00e7\u00f5es Acidentais","isPartOf":{"@id":"https:\/\/www.producoesacidentais.com\/#website"},"datePublished":"2013-09-28T16:22:35+00:00","dateModified":"2022-06-24T23:11:18+00:00","breadcrumb":{"@id":"https:\/\/www.producoesacidentais.com\/espectaculos\/#breadcrumb"},"inLanguage":"en-US","potentialAction":[{"@type":"ReadAction","target":["https:\/\/www.producoesacidentais.com\/espectaculos\/"]}]},{"@type":"BreadcrumbList","@id":"https:\/\/www.producoesacidentais.com\/espectaculos\/#breadcrumb","itemListElement":[{"@type":"ListItem","position":1,"name":"In\u00edcio","item":"https:\/\/www.producoesacidentais.com\/"},{"@type":"ListItem","position":2,"name":"espect\u00e1culos"}]},{"@type":"WebSite","@id":"https:\/\/www.producoesacidentais.com\/#website","url":"https:\/\/www.producoesacidentais.com\/","name":"Produ\u00e7\u00f5es Acidentais","description":"The theater is so endlessly fascinating because it&#039;s so accidental. It&#039;s so much like life. -- Arthur Miller","publisher":{"@id":"https:\/\/www.producoesacidentais.com\/#organization"},"potentialAction":[{"@type":"SearchAction","target":{"@type":"EntryPoint","urlTemplate":"https:\/\/www.producoesacidentais.com\/?s={search_term_string}"},"query-input":"required name=search_term_string"}],"inLanguage":"en-US"},{"@type":"Organization","@id":"https:\/\/www.producoesacidentais.com\/#organization","name":"Produ\u00e7\u00f5es Acidentais","url":"https:\/\/www.producoesacidentais.com\/","logo":{"@type":"ImageObject","inLanguage":"en-US","@id":"https:\/\/www.producoesacidentais.com\/#\/schema\/logo\/image\/","url":"https:\/\/www.producoesacidentais.com\/wp-content\/uploads\/2021\/02\/cropped-producoesacidentais_vector.png","contentUrl":"https:\/\/www.producoesacidentais.com\/wp-content\/uploads\/2021\/02\/cropped-producoesacidentais_vector.png","width":351,"height":91,"caption":"Produ\u00e7\u00f5es Acidentais"},"image":{"@id":"https:\/\/www.producoesacidentais.com\/#\/schema\/logo\/image\/"},"sameAs":["https:\/\/www.facebook.com\/ProAcid\/"]}]}},"_links":{"self":[{"href":"https:\/\/www.producoesacidentais.com\/en\/wp-json\/wp\/v2\/pages\/14"}],"collection":[{"href":"https:\/\/www.producoesacidentais.com\/en\/wp-json\/wp\/v2\/pages"}],"about":[{"href":"https:\/\/www.producoesacidentais.com\/en\/wp-json\/wp\/v2\/types\/page"}],"author":[{"embeddable":true,"href":"https:\/\/www.producoesacidentais.com\/en\/wp-json\/wp\/v2\/users\/2"}],"replies":[{"embeddable":true,"href":"https:\/\/www.producoesacidentais.com\/en\/wp-json\/wp\/v2\/comments?post=14"}],"version-history":[{"count":1,"href":"https:\/\/www.producoesacidentais.com\/en\/wp-json\/wp\/v2\/pages\/14\/revisions"}],"predecessor-version":[{"id":230,"href":"https:\/\/www.producoesacidentais.com\/en\/wp-json\/wp\/v2\/pages\/14\/revisions\/230"}],"wp:attachment":[{"href":"https:\/\/www.producoesacidentais.com\/en\/wp-json\/wp\/v2\/media?parent=14"}],"curies":[{"name":"wp","href":"https:\/\/api.w.org\/{rel}","templated":true}]}}