{"id":104,"date":"2019-01-23T23:27:22","date_gmt":"2019-01-23T23:27:22","guid":{"rendered":"http:\/\/proacid.andreparames.com\/?page_id=104"},"modified":"2024-03-31T21:12:01","modified_gmt":"2024-03-31T20:12:01","slug":"uma-noite-de-verao","status":"publish","type":"page","link":"https:\/\/www.producoesacidentais.com\/en\/espectaculos\/uma-noite-de-verao\/","title":{"rendered":"(Portugu\u00eas) Uma Noite de Ver\u00e3o"},"content":{"rendered":"<p class=\"qtranxs-available-languages-message qtranxs-available-languages-message-en\">Sorry, this entry is only available in <a href=\"https:\/\/www.producoesacidentais.com\/pt\/wp-json\/wp\/v2\/pages\/104\" class=\"qtranxs-available-language-link qtranxs-available-language-link-pt\" title=\"Portugu\u00eas\">European Portuguese<\/a>.<\/p>","protected":false},"excerpt":{"rendered":"<p>Sorry, this entry is only available in European Portuguese.<\/p>\n","protected":false},"author":2,"featured_media":0,"parent":14,"menu_order":0,"comment_status":"closed","ping_status":"closed","template":"","meta":{"ngg_post_thumbnail":0,"footnotes":""},"yoast_head":"<!-- This site is optimized with the Yoast SEO plugin v22.3 - https:\/\/yoast.com\/wordpress\/plugins\/seo\/ -->\n<title><\/title>\n<meta name=\"robots\" content=\"index, follow, max-snippet:-1, max-image-preview:large, max-video-preview:-1\" \/>\n<link rel=\"canonical\" href=\"https:\/\/www.producoesacidentais.com\/espectaculos\/uma-noite-de-verao\/\" \/>\n<meta property=\"og:locale\" content=\"en_US\" \/>\n<meta property=\"og:type\" content=\"article\" \/>\n<meta property=\"og:title\" content=\"[:pt]Uma Noite de Ver\u00e3o[:] - Produ\u00e7\u00f5es Acidentais\" \/>\n<meta property=\"og:description\" content=\"Sorry, this entry is only available in European Portuguese.\" \/>\n<meta property=\"og:url\" content=\"https:\/\/www.producoesacidentais.com\/espectaculos\/uma-noite-de-verao\/\" \/>\n<meta property=\"og:site_name\" content=\"Produ\u00e7\u00f5es Acidentais\" \/>\n<meta property=\"article:publisher\" content=\"https:\/\/www.facebook.com\/ProAcid\/\" \/>\n<meta property=\"article:modified_time\" content=\"2024-03-31T20:12:01+00:00\" \/>\n<meta name=\"twitter:card\" content=\"summary_large_image\" \/>\n<meta name=\"twitter:label1\" content=\"Est. reading time\" \/>\n\t<meta name=\"twitter:data1\" content=\"2 minutes\" \/>\n<script type=\"application\/ld+json\" class=\"yoast-schema-graph\">{\"@context\":\"https:\/\/schema.org\",\"@graph\":[{\"@type\":\"WebPage\",\"@id\":\"https:\/\/www.producoesacidentais.com\/espectaculos\/uma-noite-de-verao\/\",\"url\":\"https:\/\/www.producoesacidentais.com\/espectaculos\/uma-noite-de-verao\/\",\"name\":\"[:pt]Uma Noite de Ver\u00e3o[:] - Produ\u00e7\u00f5es Acidentais\",\"isPartOf\":{\"@id\":\"https:\/\/www.producoesacidentais.com\/#website\"},\"primaryImageOfPage\":{\"@id\":\"https:\/\/www.producoesacidentais.com\/espectaculos\/uma-noite-de-verao\/#primaryimage\"},\"image\":{\"@id\":\"https:\/\/www.producoesacidentais.com\/espectaculos\/uma-noite-de-verao\/#primaryimage\"},\"thumbnailUrl\":\"https:\/\/www.producoesacidentais.com\/wp-content\/uploads\/2024\/03\/Uma-noite-de-verao.jpg\",\"datePublished\":\"2019-01-23T23:27:22+00:00\",\"dateModified\":\"2024-03-31T20:12:01+00:00\",\"breadcrumb\":{\"@id\":\"https:\/\/www.producoesacidentais.com\/espectaculos\/uma-noite-de-verao\/#breadcrumb\"},\"inLanguage\":\"en-US\",\"potentialAction\":[{\"@type\":\"ReadAction\",\"target\":[\"https:\/\/www.producoesacidentais.com\/espectaculos\/uma-noite-de-verao\/\"]}]},{\"@type\":\"ImageObject\",\"inLanguage\":\"en-US\",\"@id\":\"https:\/\/www.producoesacidentais.com\/espectaculos\/uma-noite-de-verao\/#primaryimage\",\"url\":\"https:\/\/www.producoesacidentais.com\/wp-content\/uploads\/2024\/03\/Uma-noite-de-verao.jpg\",\"contentUrl\":\"https:\/\/www.producoesacidentais.com\/wp-content\/uploads\/2024\/03\/Uma-noite-de-verao.jpg\"},{\"@type\":\"BreadcrumbList\",\"@id\":\"https:\/\/www.producoesacidentais.com\/espectaculos\/uma-noite-de-verao\/#breadcrumb\",\"itemListElement\":[{\"@type\":\"ListItem\",\"position\":1,\"name\":\"In\u00edcio\",\"item\":\"https:\/\/www.producoesacidentais.com\/\"},{\"@type\":\"ListItem\",\"position\":2,\"name\":\"espect\u00e1culos\",\"item\":\"https:\/\/www.producoesacidentais.com\/espectaculos\/\"},{\"@type\":\"ListItem\",\"position\":3,\"name\":\"Uma Noite de Ver\u00e3o\"}]},{\"@type\":\"WebSite\",\"@id\":\"https:\/\/www.producoesacidentais.com\/#website\",\"url\":\"https:\/\/www.producoesacidentais.com\/\",\"name\":\"Produ\u00e7\u00f5es Acidentais\",\"description\":\"The theater is so endlessly fascinating because it&#039;s so accidental. It&#039;s so much like life. -- Arthur Miller\",\"publisher\":{\"@id\":\"https:\/\/www.producoesacidentais.com\/#organization\"},\"potentialAction\":[{\"@type\":\"SearchAction\",\"target\":{\"@type\":\"EntryPoint\",\"urlTemplate\":\"https:\/\/www.producoesacidentais.com\/?s={search_term_string}\"},\"query-input\":\"required name=search_term_string\"}],\"inLanguage\":\"en-US\"},{\"@type\":\"Organization\",\"@id\":\"https:\/\/www.producoesacidentais.com\/#organization\",\"name\":\"Produ\u00e7\u00f5es Acidentais\",\"url\":\"https:\/\/www.producoesacidentais.com\/\",\"logo\":{\"@type\":\"ImageObject\",\"inLanguage\":\"en-US\",\"@id\":\"https:\/\/www.producoesacidentais.com\/#\/schema\/logo\/image\/\",\"url\":\"https:\/\/www.producoesacidentais.com\/wp-content\/uploads\/2021\/02\/cropped-producoesacidentais_vector.png\",\"contentUrl\":\"https:\/\/www.producoesacidentais.com\/wp-content\/uploads\/2021\/02\/cropped-producoesacidentais_vector.png\",\"width\":351,\"height\":91,\"caption\":\"Produ\u00e7\u00f5es Acidentais\"},\"image\":{\"@id\":\"https:\/\/www.producoesacidentais.com\/#\/schema\/logo\/image\/\"},\"sameAs\":[\"https:\/\/www.facebook.com\/ProAcid\/\"]}]}<\/script>\n<!-- \/ Yoast SEO plugin. -->","yoast_head_json":{"title":"[:pt]Uma Noite de Ver\u00e3o[:] - Produ\u00e7\u00f5es Acidentais","robots":{"index":"index","follow":"follow","max-snippet":"max-snippet:-1","max-image-preview":"max-image-preview:large","max-video-preview":"max-video-preview:-1"},"canonical":"https:\/\/www.producoesacidentais.com\/espectaculos\/uma-noite-de-verao\/","og_locale":"en_US","og_type":"article","og_title":"[:pt]Uma Noite de Ver\u00e3o[:] - Produ\u00e7\u00f5es Acidentais","og_description":"Sorry, this entry is only available in European Portuguese.","og_url":"https:\/\/www.producoesacidentais.com\/espectaculos\/uma-noite-de-verao\/","og_site_name":"Produ\u00e7\u00f5es Acidentais","article_publisher":"https:\/\/www.facebook.com\/ProAcid\/","article_modified_time":"2024-03-31T20:12:01+00:00","twitter_card":"summary_large_image","twitter_misc":{"Est. reading time":"2 minutes"},"schema":{"@context":"https:\/\/schema.org","@graph":[{"@type":"WebPage","@id":"https:\/\/www.producoesacidentais.com\/espectaculos\/uma-noite-de-verao\/","url":"https:\/\/www.producoesacidentais.com\/espectaculos\/uma-noite-de-verao\/","name":"[:pt]Uma Noite de Ver\u00e3o[:] - Produ\u00e7\u00f5es Acidentais","isPartOf":{"@id":"https:\/\/www.producoesacidentais.com\/#website"},"primaryImageOfPage":{"@id":"https:\/\/www.producoesacidentais.com\/espectaculos\/uma-noite-de-verao\/#primaryimage"},"image":{"@id":"https:\/\/www.producoesacidentais.com\/espectaculos\/uma-noite-de-verao\/#primaryimage"},"thumbnailUrl":"https:\/\/www.producoesacidentais.com\/wp-content\/uploads\/2024\/03\/Uma-noite-de-verao.jpg","datePublished":"2019-01-23T23:27:22+00:00","dateModified":"2024-03-31T20:12:01+00:00","breadcrumb":{"@id":"https:\/\/www.producoesacidentais.com\/espectaculos\/uma-noite-de-verao\/#breadcrumb"},"inLanguage":"en-US","potentialAction":[{"@type":"ReadAction","target":["https:\/\/www.producoesacidentais.com\/espectaculos\/uma-noite-de-verao\/"]}]},{"@type":"ImageObject","inLanguage":"en-US","@id":"https:\/\/www.producoesacidentais.com\/espectaculos\/uma-noite-de-verao\/#primaryimage","url":"https:\/\/www.producoesacidentais.com\/wp-content\/uploads\/2024\/03\/Uma-noite-de-verao.jpg","contentUrl":"https:\/\/www.producoesacidentais.com\/wp-content\/uploads\/2024\/03\/Uma-noite-de-verao.jpg"},{"@type":"BreadcrumbList","@id":"https:\/\/www.producoesacidentais.com\/espectaculos\/uma-noite-de-verao\/#breadcrumb","itemListElement":[{"@type":"ListItem","position":1,"name":"In\u00edcio","item":"https:\/\/www.producoesacidentais.com\/"},{"@type":"ListItem","position":2,"name":"espect\u00e1culos","item":"https:\/\/www.producoesacidentais.com\/espectaculos\/"},{"@type":"ListItem","position":3,"name":"Uma Noite de Ver\u00e3o"}]},{"@type":"WebSite","@id":"https:\/\/www.producoesacidentais.com\/#website","url":"https:\/\/www.producoesacidentais.com\/","name":"Produ\u00e7\u00f5es Acidentais","description":"The theater is so endlessly fascinating because it&#039;s so accidental. It&#039;s so much like life. -- Arthur Miller","publisher":{"@id":"https:\/\/www.producoesacidentais.com\/#organization"},"potentialAction":[{"@type":"SearchAction","target":{"@type":"EntryPoint","urlTemplate":"https:\/\/www.producoesacidentais.com\/?s={search_term_string}"},"query-input":"required name=search_term_string"}],"inLanguage":"en-US"},{"@type":"Organization","@id":"https:\/\/www.producoesacidentais.com\/#organization","name":"Produ\u00e7\u00f5es Acidentais","url":"https:\/\/www.producoesacidentais.com\/","logo":{"@type":"ImageObject","inLanguage":"en-US","@id":"https:\/\/www.producoesacidentais.com\/#\/schema\/logo\/image\/","url":"https:\/\/www.producoesacidentais.com\/wp-content\/uploads\/2021\/02\/cropped-producoesacidentais_vector.png","contentUrl":"https:\/\/www.producoesacidentais.com\/wp-content\/uploads\/2021\/02\/cropped-producoesacidentais_vector.png","width":351,"height":91,"caption":"Produ\u00e7\u00f5es Acidentais"},"image":{"@id":"https:\/\/www.producoesacidentais.com\/#\/schema\/logo\/image\/"},"sameAs":["https:\/\/www.facebook.com\/ProAcid\/"]}]}},"_links":{"self":[{"href":"https:\/\/www.producoesacidentais.com\/en\/wp-json\/wp\/v2\/pages\/104"}],"collection":[{"href":"https:\/\/www.producoesacidentais.com\/en\/wp-json\/wp\/v2\/pages"}],"about":[{"href":"https:\/\/www.producoesacidentais.com\/en\/wp-json\/wp\/v2\/types\/page"}],"author":[{"embeddable":true,"href":"https:\/\/www.producoesacidentais.com\/en\/wp-json\/wp\/v2\/users\/2"}],"replies":[{"embeddable":true,"href":"https:\/\/www.producoesacidentais.com\/en\/wp-json\/wp\/v2\/comments?post=104"}],"version-history":[{"count":8,"href":"https:\/\/www.producoesacidentais.com\/en\/wp-json\/wp\/v2\/pages\/104\/revisions"}],"predecessor-version":[{"id":338,"href":"https:\/\/www.producoesacidentais.com\/en\/wp-json\/wp\/v2\/pages\/104\/revisions\/338"}],"up":[{"embeddable":true,"href":"https:\/\/www.producoesacidentais.com\/en\/wp-json\/wp\/v2\/pages\/14"}],"wp:attachment":[{"href":"https:\/\/www.producoesacidentais.com\/en\/wp-json\/wp\/v2\/media?parent=104"}],"curies":[{"name":"wp","href":"https:\/\/api.w.org\/{rel}","templated":true}]}}